{"id":127,"date":"2015-08-25T11:35:18","date_gmt":"2015-08-25T09:35:18","guid":{"rendered":"http:\/\/asso-ocytocines.com\/fr\/?page_id=127"},"modified":"2025-01-21T17:37:42","modified_gmt":"2025-01-21T16:37:42","slug":"contact","status":"publish","type":"page","link":"http:\/\/asso-ocytocines.com\/fr\/contact\/","title":{"rendered":"CONTACT"},"content":{"rendered":"\n<h3 class=\"wp-block-heading\">ASSOCIATION OCYTOCINES<\/h3>\n\n\n<div class=\"wp-block-image\">\n<figure class=\"alignleft size-full is-resized\"><img loading=\"lazy\" decoding=\"async\" width=\"655\" height=\"630\" src=\"http:\/\/asso-ocytocines.com\/fr\/wp-content\/uploads\/2025\/01\/photo-ronde.jpg\" alt=\"Laetitia Dhainault professeur de Chant et Formatrice Voix et Chant\" class=\"wp-image-3388\" style=\"width:190px;height:auto\" srcset=\"http:\/\/asso-ocytocines.com\/fr\/wp-content\/uploads\/2025\/01\/photo-ronde.jpg 655w, http:\/\/asso-ocytocines.com\/fr\/wp-content\/uploads\/2025\/01\/photo-ronde-300x289.jpg 300w\" sizes=\"auto, (max-width: 655px) 100vw, 655px\" \/><\/figure><\/div>\n\n\n<p><strong>Laetitia Dhainault<br>Animatrice &amp; coordinatrice<br><span style=\"font-size: 18pt;\">06 12 24 95 19<\/span><\/strong><\/p>\n\n\n\n<p><a href=\"mailto:asso.ocytocines@gmail.com\">asso.ocytocines@gmail.com<\/a><\/p>\n\n\n\n<hr class=\"wp-block-separator has-alpha-channel-opacity is-style-wide\"\/>\n\n\n\n<h3 class=\"wp-block-heading\">O<span class=\"st\">\u00d9<\/span> SE D\u00c9ROULENT LES ATELIERS ?<\/h3>\n\n\n\n<p>L\u2019association est bas\u00e9e \u00e0 Lod\u00e8ve et pourra rayonner en fonction des projets depuis cette base. Les activit\u00e9s se d\u00e9roulent :<br>\u2013 au<a href=\"http:\/\/clap-lodeve.com\/fr\/\" target=\"_blank\" rel=\"noopener noreferrer\"><strong> CLAP<\/strong><\/a> Collectif des Aptitudes Partag\u00e9es (9 Rue Denfert Lod\u00e8ve)<br>\u2013 \u00e0 <strong>MONTPELLIER&nbsp;<\/strong> &#8211;&nbsp;<b>La Maison de Joy \u00e0 Montferrier<\/b><br>\u2013 au <b>Val des F\u00e9es \u00e0 Lacoste<\/b><br>\u2013&nbsp;\u00e0&nbsp; <strong>MILLAU<\/strong> (au Bar&rsquo;Bouille , Place des Halles \u00e0 Millau)<br>\u2013 dans des lieux de stage au milieu de la nature<br>\u2013 dans tout autres lieux cosy souhaitant accueillir les activit\u00e9s de l\u2019asso<\/p>\n\n\n\n<hr class=\"wp-block-separator has-alpha-channel-opacity is-style-wide\"\/>\n\n\n\n<p><span style=\"color: #3366ff;\"><strong><mark style=\"background-color:rgba(0, 0, 0, 0)\" class=\"has-inline-color has-black-color\">L&rsquo;association Ocytocines ( Laetitia Dhainault ) est aussi Formatrice \u00e0 <a href=\"https:\/\/voix-et-chant-en-corps.com\/\">\u00ab\u00a0Voix &amp; Chant En-Corps\u00a0\u00bb<\/a><br>et partenaire et membre active dans le collectif du <a style=\"color: #3366ff;\" href=\"http:\/\/clap-lodeve.com\/fr\/\" target=\"_blank\" rel=\"noopener noreferrer\">CLAP<\/a><\/mark><\/strong><\/span><\/p>\n\n\n\n<div class=\"wp-block-columns is-layout-flex wp-container-core-columns-is-layout-1 wp-block-columns-is-layout-flex\">\n<div class=\"wp-block-column is-layout-flow wp-block-column-is-layout-flow\">\n<figure class=\"wp-block-image size-full is-resized\"><a href=\"https:\/\/voix-et-chant-en-corps.com\/\"><img loading=\"lazy\" decoding=\"async\" width=\"550\" height=\"235\" src=\"http:\/\/asso-ocytocines.com\/fr\/wp-content\/uploads\/2025\/01\/LOGO-VOIX-CHANT-WEB.jpg\" alt=\"\" class=\"wp-image-3458\" style=\"width:246px;height:auto\" srcset=\"http:\/\/asso-ocytocines.com\/fr\/wp-content\/uploads\/2025\/01\/LOGO-VOIX-CHANT-WEB.jpg 550w, http:\/\/asso-ocytocines.com\/fr\/wp-content\/uploads\/2025\/01\/LOGO-VOIX-CHANT-WEB-300x128.jpg 300w\" sizes=\"auto, (max-width: 550px) 100vw, 550px\" \/><\/a><figcaption class=\"wp-element-caption\"><strong>Formation Pro Voix et CHANT<\/strong><\/figcaption><\/figure>\n<\/div>\n\n\n\n<div class=\"wp-block-column is-layout-flow wp-block-column-is-layout-flow\">\n<figure class=\"wp-block-image size-full is-resized\"><a href=\"http:\/\/asso-ocytocines.com\/fr\/wp-content\/uploads\/2025\/01\/logo-crealead-qualiopi-web.jpg\"><img loading=\"lazy\" decoding=\"async\" width=\"500\" height=\"195\" src=\"http:\/\/asso-ocytocines.com\/fr\/wp-content\/uploads\/2025\/01\/logo-crealead-qualiopi-web.jpg\" alt=\"\" class=\"wp-image-3523\" style=\"width:231px;height:auto\" srcset=\"http:\/\/asso-ocytocines.com\/fr\/wp-content\/uploads\/2025\/01\/logo-crealead-qualiopi-web.jpg 500w, http:\/\/asso-ocytocines.com\/fr\/wp-content\/uploads\/2025\/01\/logo-crealead-qualiopi-web-300x117.jpg 300w\" sizes=\"auto, (max-width: 500px) 100vw, 500px\" \/><\/a><\/figure>\n<\/div>\n<\/div>\n\n\n\n<figure class=\"wp-block-image is-resized\"><a href=\"http:\/\/clap-lodeve.com\/fr\/\" target=\"_blank\" rel=\"noopener noreferrer\"><img loading=\"lazy\" decoding=\"async\" width=\"300\" height=\"300\" src=\"http:\/\/asso-ocytocines.com\/fr\/wp-content\/uploads\/2016\/08\/logo-CLAP-300x300.jpg\" alt=\"logo-CLAP\" class=\"wp-image-570\" style=\"width:157px;height:auto\" srcset=\"http:\/\/asso-ocytocines.com\/fr\/wp-content\/uploads\/2016\/08\/logo-CLAP-300x300.jpg 300w, http:\/\/asso-ocytocines.com\/fr\/wp-content\/uploads\/2016\/08\/logo-CLAP-150x150.jpg 150w, http:\/\/asso-ocytocines.com\/fr\/wp-content\/uploads\/2016\/08\/logo-CLAP.jpg 800w\" sizes=\"auto, (max-width: 300px) 100vw, 300px\" \/><\/a><figcaption class=\"wp-element-caption\"><strong>9 avenue Denfert \u00e0 Lod\u00e8ve<\/strong><\/figcaption><\/figure>\n\n\n\n<p><\/p>\n","protected":false},"excerpt":{"rendered":"<p>ASSOCIATION OCYTOCINES Laetitia DhainaultAnimatrice &amp; coordinatrice06 12 24 95 19 asso.ocytocines@gmail.com O\u00d9 SE D\u00c9ROULENT LES ATELIERS ? L\u2019association est bas\u00e9e \u00e0 Lod\u00e8ve et pourra rayonner en fonction des projets depuis cette base. Les activit\u00e9s se d\u00e9roulent :\u2013 au CLAP Collectif &hellip; <a href=\"http:\/\/asso-ocytocines.com\/fr\/contact\/\">Lire la suite\u00ad\u00ad<\/a><\/p>\n","protected":false},"author":1,"featured_media":0,"parent":0,"menu_order":0,"comment_status":"closed","ping_status":"closed","template":"","meta":{"kt_blocks_editor_width":"","footnotes":""},"class_list":["post-127","page","type-page","status-publish","hentry"],"_links":{"self":[{"href":"http:\/\/asso-ocytocines.com\/fr\/wp-json\/wp\/v2\/pages\/127","targetHints":{"allow":["GET"]}}],"collection":[{"href":"http:\/\/asso-ocytocines.com\/fr\/wp-json\/wp\/v2\/pages"}],"about":[{"href":"http:\/\/asso-ocytocines.com\/fr\/wp-json\/wp\/v2\/types\/page"}],"author":[{"embeddable":true,"href":"http:\/\/asso-ocytocines.com\/fr\/wp-json\/wp\/v2\/users\/1"}],"replies":[{"embeddable":true,"href":"http:\/\/asso-ocytocines.com\/fr\/wp-json\/wp\/v2\/comments?post=127"}],"version-history":[{"count":22,"href":"http:\/\/asso-ocytocines.com\/fr\/wp-json\/wp\/v2\/pages\/127\/revisions"}],"predecessor-version":[{"id":3678,"href":"http:\/\/asso-ocytocines.com\/fr\/wp-json\/wp\/v2\/pages\/127\/revisions\/3678"}],"wp:attachment":[{"href":"http:\/\/asso-ocytocines.com\/fr\/wp-json\/wp\/v2\/media?parent=127"}],"curies":[{"name":"wp","href":"https:\/\/api.w.org\/{rel}","templated":true}]}}