{"id":1277,"date":"2018-02-05T09:55:22","date_gmt":"2018-02-05T08:55:22","guid":{"rendered":"http:\/\/asso-ocytocines.com\/fr\/?page_id=1277"},"modified":"2020-01-07T10:53:14","modified_gmt":"2020-01-07T09:53:14","slug":"cabarets","status":"publish","type":"page","link":"http:\/\/asso-ocytocines.com\/fr\/cabarets\/","title":{"rendered":"Cabarets"},"content":{"rendered":"<p><strong><span style=\"color: #ff00ff; font-size: 14pt;\">Cabarets Ocytocines\u00a0\u00a0<\/span> &#x1f60a;<\/strong><\/p>\n<p><strong> L\u2019id\u00e9e : proposer aux \u00e9l\u00e8ves, enfants, adultes, ados des cours de groupe et des cours particuliers de tester en douceur la sc\u00e8ne et la repr\u00e9sentation en public sur 3 soir\u00e9es cabarets au Clap (les 2 premiers entre nous, le 3e ouvert au public !).<\/strong><br \/>\nChant de groupe, solo ou duo, accompagn\u00e9s par Fred \u00e0 la guitare. Avec les \u00e9l\u00e8ves des cours collectifs (Adultes, ados) et des groupes en accompagnement de cr\u00e9ation en cours particuliers &#8230;<\/p>\n<p style=\"text-align: center;\"><span style=\"color: #ff00ff;\">******************<\/span><\/p>\n<p><strong>VOIR DES IMAGES DES ANN\u00c9ES PR\u00c9C\u00c9DENTES<\/strong><\/p>\n<p><span style=\"font-size: 14pt; color: #ff00ff;\"><strong>TEASER Cabaret<br \/>\n<\/strong><\/span><\/p>\n<p><iframe loading=\"lazy\" src=\"https:\/\/www.youtube.com\/embed\/nZ2EUMsrBk8\" width=\"560\" height=\"315\" frameborder=\"0\" allowfullscreen=\"allowfullscreen\"><\/iframe><\/p>\n<hr \/>\n<p><span style=\"color: #ff00ff; font-size: 14pt;\"><strong>TEASER 1e Cabaret 2018 r\u00e9alis\u00e9 par Marion Maugein<br \/>\n<\/strong><\/span><\/p>\n<p><iframe loading=\"lazy\" src=\"https:\/\/www.youtube.com\/embed\/w_Zamfv01ic\" width=\"560\" height=\"315\" frameborder=\"0\" allowfullscreen=\"allowfullscreen\"><\/iframe><br \/>\n<a href=\"http:\/\/asso-ocytocines.com\/fr\/videos-cabaret\/\"><strong>&gt;&gt;<\/strong><\/a><strong><a href=\"https:\/\/www.youtube.com\/channel\/UCpIhDjnHJNASaJo_OCaT8lg?view_as=subscriber\">voir toutes les vid\u00e9o sur youtube<\/a><\/strong><\/p>\n<p>************************<\/p>\n<p><span style=\"font-size: 14pt;\"><strong>Des photos !<\/strong><\/span><\/p>\n\r\n\t<div class=\"slideshow_container slideshow_container_style-light\" style=\"height: 300px; \" data-slideshow-id=\"1261\" data-style-name=\"style-light\" data-style-version=\"2.3.1\" >\r\n\r\n\t\t\t\t\t<div class=\"slideshow_loading_icon\"><\/div>\r\n\t\t\r\n\t\t<div class=\"slideshow_content\" style=\"display: none;\">\r\n\r\n\t\t\t<div class=\"slideshow_view\">\r\n\t\t\t\t<div class=\"slideshow_slide slideshow_slide_image\">\r\n\t\t\t\t\t\t\t\t\t\t\t<img src=\"http:\/\/asso-ocytocines.com\/fr\/wp-content\/uploads\/2018\/02\/P_20180201_185613_1-1024x768.jpg\" alt=\"P_20180201_185613_1 [1024x768]\" width=\"1024\" height=\"576\" \/>\r\n\t\t\t\t\t\t\t\t\t\t<div class=\"slideshow_description_box slideshow_transparent\">\r\n\t\t\t\t\t\t<div class=\"slideshow_title\">P_20180201_185613_1 [1024x768]<\/div>\t\t\t\t\t\t\t\t\t\t\t<\/div>\r\n\t\t\t\t<\/div>\r\n\r\n\t\t\t\t\t\t<div style=\"clear: both;\"><\/div><\/div><div class=\"slideshow_view\">\r\n\t\t\t\t<div class=\"slideshow_slide slideshow_slide_image\">\r\n\t\t\t\t\t\t\t\t\t\t\t<img src=\"http:\/\/asso-ocytocines.com\/fr\/wp-content\/uploads\/2018\/02\/P_20180201_205400_1-1024x768.jpg\" alt=\"P_20180201_205400_1 [1024x768]\" width=\"1024\" height=\"576\" \/>\r\n\t\t\t\t\t\t\t\t\t\t<div class=\"slideshow_description_box slideshow_transparent\">\r\n\t\t\t\t\t\t<div class=\"slideshow_title\">P_20180201_205400_1 [1024x768]<\/div>\t\t\t\t\t\t\t\t\t\t\t<\/div>\r\n\t\t\t\t<\/div>\r\n\r\n\t\t\t\t\t\t<div style=\"clear: both;\"><\/div><\/div><div class=\"slideshow_view\">\r\n\t\t\t\t<div class=\"slideshow_slide slideshow_slide_image\">\r\n\t\t\t\t\t\t\t\t\t\t\t<img src=\"http:\/\/asso-ocytocines.com\/fr\/wp-content\/uploads\/2018\/02\/P_20180201_204404_1_1-1024x768.jpg\" alt=\"P_20180201_204404_1_1 [1024x768]\" width=\"716\" height=\"1024\" \/>\r\n\t\t\t\t\t\t\t\t\t\t<div class=\"slideshow_description_box slideshow_transparent\">\r\n\t\t\t\t\t\t<div class=\"slideshow_title\">P_20180201_204404_1_1 [1024x768]<\/div>\t\t\t\t\t\t\t\t\t\t\t<\/div>\r\n\t\t\t\t<\/div>\r\n\r\n\t\t\t\t\t\t<div style=\"clear: both;\"><\/div><\/div><div class=\"slideshow_view\">\r\n\t\t\t\t<div class=\"slideshow_slide slideshow_slide_image\">\r\n\t\t\t\t\t\t\t\t\t\t\t<img src=\"http:\/\/asso-ocytocines.com\/fr\/wp-content\/uploads\/2018\/02\/P_20180201_204227-1024x768.jpg\" alt=\"P_20180201_204227 [1024x768]\" width=\"1024\" height=\"576\" \/>\r\n\t\t\t\t\t\t\t\t\t\t<div class=\"slideshow_description_box slideshow_transparent\">\r\n\t\t\t\t\t\t<div class=\"slideshow_title\">P_20180201_204227 [1024x768]<\/div>\t\t\t\t\t\t\t\t\t\t\t<\/div>\r\n\t\t\t\t<\/div>\r\n\r\n\t\t\t\t\t\t<div style=\"clear: both;\"><\/div><\/div><div class=\"slideshow_view\">\r\n\t\t\t\t<div class=\"slideshow_slide slideshow_slide_image\">\r\n\t\t\t\t\t\t\t\t\t\t\t<img src=\"http:\/\/asso-ocytocines.com\/fr\/wp-content\/uploads\/2018\/02\/P_20180201_203228-1024x768.jpg\" alt=\"P_20180201_203228 [1024x768]\" width=\"1024\" height=\"576\" \/>\r\n\t\t\t\t\t\t\t\t\t\t<div class=\"slideshow_description_box slideshow_transparent\">\r\n\t\t\t\t\t\t<div class=\"slideshow_title\">P_20180201_203228 [1024x768]<\/div>\t\t\t\t\t\t\t\t\t\t\t<\/div>\r\n\t\t\t\t<\/div>\r\n\r\n\t\t\t\t\t\t<div style=\"clear: both;\"><\/div><\/div><div class=\"slideshow_view\">\r\n\t\t\t\t<div class=\"slideshow_slide slideshow_slide_image\">\r\n\t\t\t\t\t\t\t\t\t\t\t<img src=\"http:\/\/asso-ocytocines.com\/fr\/wp-content\/uploads\/2018\/02\/P_20180201_202932-1024x768.jpg\" alt=\"P_20180201_202932 [1024x768]\" width=\"1024\" height=\"576\" \/>\r\n\t\t\t\t\t\t\t\t\t\t<div class=\"slideshow_description_box slideshow_transparent\">\r\n\t\t\t\t\t\t<div class=\"slideshow_title\">P_20180201_202932 [1024x768]<\/div>\t\t\t\t\t\t\t\t\t\t\t<\/div>\r\n\t\t\t\t<\/div>\r\n\r\n\t\t\t\t\t\t<div style=\"clear: both;\"><\/div><\/div><div class=\"slideshow_view\">\r\n\t\t\t\t<div class=\"slideshow_slide slideshow_slide_image\">\r\n\t\t\t\t\t\t\t\t\t\t\t<img src=\"http:\/\/asso-ocytocines.com\/fr\/wp-content\/uploads\/2018\/02\/P_20180201_201509_1-1024x768.jpg\" alt=\"P_20180201_201509_1 [1024x768]\" width=\"1024\" height=\"576\" \/>\r\n\t\t\t\t\t\t\t\t\t\t<div class=\"slideshow_description_box slideshow_transparent\">\r\n\t\t\t\t\t\t<div class=\"slideshow_title\">P_20180201_201509_1 [1024x768]<\/div>\t\t\t\t\t\t\t\t\t\t\t<\/div>\r\n\t\t\t\t<\/div>\r\n\r\n\t\t\t\t\t\t<div style=\"clear: both;\"><\/div><\/div><div class=\"slideshow_view\">\r\n\t\t\t\t<div class=\"slideshow_slide slideshow_slide_image\">\r\n\t\t\t\t\t\t\t\t\t\t\t<img src=\"http:\/\/asso-ocytocines.com\/fr\/wp-content\/uploads\/2018\/02\/P_20180201_184538-1024x768.jpg\" alt=\"P_20180201_184538 [1024x768]\" width=\"576\" height=\"1024\" \/>\r\n\t\t\t\t\t\t\t\t\t\t<div class=\"slideshow_description_box slideshow_transparent\">\r\n\t\t\t\t\t\t<div class=\"slideshow_title\">P_20180201_184538 [1024x768]<\/div>\t\t\t\t\t\t\t\t\t\t\t<\/div>\r\n\t\t\t\t<\/div>\r\n\r\n\t\t\t\t\t\t<div style=\"clear: both;\"><\/div><\/div><div class=\"slideshow_view\">\r\n\t\t\t\t<div class=\"slideshow_slide slideshow_slide_image\">\r\n\t\t\t\t\t\t\t\t\t\t\t<img src=\"http:\/\/asso-ocytocines.com\/fr\/wp-content\/uploads\/2018\/02\/P_20180201_184535_1-1024x768.jpg\" alt=\"P_20180201_184535_1 [1024x768]\" width=\"576\" height=\"1024\" \/>\r\n\t\t\t\t\t\t\t\t\t\t<div class=\"slideshow_description_box slideshow_transparent\">\r\n\t\t\t\t\t\t<div class=\"slideshow_title\">P_20180201_184535_1 [1024x768]<\/div>\t\t\t\t\t\t\t\t\t\t\t<\/div>\r\n\t\t\t\t<\/div>\r\n\r\n\t\t\t\t\t\t<div style=\"clear: both;\"><\/div><\/div><div class=\"slideshow_view\">\r\n\t\t\t\t<div class=\"slideshow_slide slideshow_slide_image\">\r\n\t\t\t\t\t\t\t\t\t\t\t<img src=\"http:\/\/asso-ocytocines.com\/fr\/wp-content\/uploads\/2018\/02\/P_20180201_183642_1-1024x768.jpg\" alt=\"P_20180201_183642_1 [1024x768]\" width=\"576\" height=\"1024\" \/>\r\n\t\t\t\t\t\t\t\t\t\t<div class=\"slideshow_description_box slideshow_transparent\">\r\n\t\t\t\t\t\t<div class=\"slideshow_title\">P_20180201_183642_1 [1024x768]<\/div>\t\t\t\t\t\t\t\t\t\t\t<\/div>\r\n\t\t\t\t<\/div>\r\n\r\n\t\t\t\t\t\t<div style=\"clear: both;\"><\/div><\/div><div class=\"slideshow_view\">\r\n\t\t\t\t<div class=\"slideshow_slide slideshow_slide_image\">\r\n\t\t\t\t\t\t\t\t\t\t\t<img src=\"http:\/\/asso-ocytocines.com\/fr\/wp-content\/uploads\/2018\/02\/P_20180201_183207_1-1024x768.jpg\" alt=\"P_20180201_183207_1 [1024x768]\" width=\"1024\" height=\"576\" \/>\r\n\t\t\t\t\t\t\t\t\t\t<div class=\"slideshow_description_box slideshow_transparent\">\r\n\t\t\t\t\t\t<div class=\"slideshow_title\">P_20180201_183207_1 [1024x768]<\/div>\t\t\t\t\t\t\t\t\t\t\t<\/div>\r\n\t\t\t\t<\/div>\r\n\r\n\t\t\t\t\t\t<div style=\"clear: both;\"><\/div><\/div><div class=\"slideshow_view\">\r\n\t\t\t\t<div class=\"slideshow_slide slideshow_slide_image\">\r\n\t\t\t\t\t\t\t\t\t\t\t<img src=\"http:\/\/asso-ocytocines.com\/fr\/wp-content\/uploads\/2018\/02\/P_20180201_181348-1024x768.jpg\" alt=\"P_20180201_181348 [1024x768]\" width=\"1024\" height=\"576\" \/>\r\n\t\t\t\t\t\t\t\t\t\t<div class=\"slideshow_description_box slideshow_transparent\">\r\n\t\t\t\t\t\t<div class=\"slideshow_title\">P_20180201_181348 [1024x768]<\/div>\t\t\t\t\t\t\t\t\t\t\t<\/div>\r\n\t\t\t\t<\/div>\r\n\r\n\t\t\t\t\t\t<div style=\"clear: both;\"><\/div><\/div>\r\n\t\t<\/div>\r\n\r\n\t\t<div class=\"slideshow_controlPanel slideshow_transparent\" style=\"display: none;\"><ul><li class=\"slideshow_togglePlay\" data-play-text=\"Play\" data-pause-text=\"Pause\"><\/li><\/ul><\/div>\r\n\r\n\t\t<div class=\"slideshow_button slideshow_previous slideshow_transparent\" role=\"button\" data-previous-text=\"Pr\u00e9c\u00e9dent\" style=\"display: none;\"><\/div>\r\n\t\t<div class=\"slideshow_button slideshow_next slideshow_transparent\" role=\"button\" data-next-text=\"Suivant\" style=\"display: none;\"><\/div>\r\n\r\n\t\t<div class=\"slideshow_pagination\" style=\"display: none;\" data-go-to-text=\"Go to slide\"><div class=\"slideshow_pagination_center\"><\/div><\/div>\r\n\r\n\t\t<!-- WordPress Slideshow Version 2.3.1 -->\r\n\r\n\t\t\t<\/div>\r\n\r\n\n<p>*******<\/p>\n<p><strong><a href=\"http:\/\/asso-ocytocines.com\/fr\/concert-ados\/\">CONCERT ADOS 2019<\/a> :<\/strong>\u00a0jeudi 23 mai 2019 <a href=\"http:\/\/asso-ocytocines.com\/fr\/concert-ados\/\">INFO ICI<\/a> <strong>.<\/strong><\/p>\n<p>******<\/p>\n<p><strong>Le 1er Cabaret Ocytocines c&rsquo;est d\u00e9roul\u00e9 le\u00a0 jeudi 4 f\u00e9vrier 2018 &#x1f60a;<\/strong><\/p>\n<p>1er cabaret intimiste juste avec les proches, on \u00e9tait d\u00e9j\u00e0 plus de 40 dans la salle ! Certains ont test\u00e9 en chant de groupe, d autres en solo ou duo, accompagn\u00e9s par Fred \u00e0 la guitare. Un r\u00e9gal ! Merci \u00e0 tous ! Prochains cabarets les 5 avril et 7 juin ! Au plaisir d en-Chanter nos vies !<\/p>\n<p>********************<\/p>\n<p><strong>2e cabaret 5 avril 2018 un peu plus ouverts sur le public.<\/strong> Chant de groupe, solo ou duo, accompagn\u00e9s par Fred \u00e0 la guitare. Avec les \u00e9l\u00e8ves des cours collectifs (Adultes, ados, enfants) et des groupes en accompagnement de cr\u00e9ation en cours particuliers : PAKAL, les PAM (Pauline, Alec, M\u00e9lanie), Lo\u00efc&#8230; <strong><a href=\"https:\/\/www.youtube.com\/channel\/UCpIhDjnHJNASaJo_OCaT8lg?view_as=subscriber\">voir toutes les vid\u00e9o sur youtube<\/a><\/strong><\/p>\n<p>&nbsp;<\/p>\n<p><a href=\"http:\/\/asso-ocytocines.com\/fr\/wp-content\/uploads\/2018\/03\/2ecabaret.jpg\"><img loading=\"lazy\" decoding=\"async\" class=\"alignnone wp-image-1381 \" src=\"http:\/\/asso-ocytocines.com\/fr\/wp-content\/uploads\/2018\/03\/2ecabaret.jpg\" alt=\"\" width=\"361\" height=\"203\" srcset=\"http:\/\/asso-ocytocines.com\/fr\/wp-content\/uploads\/2018\/03\/2ecabaret.jpg 1000w, http:\/\/asso-ocytocines.com\/fr\/wp-content\/uploads\/2018\/03\/2ecabaret-300x169.jpg 300w, http:\/\/asso-ocytocines.com\/fr\/wp-content\/uploads\/2018\/03\/2ecabaret-768x432.jpg 768w\" sizes=\"auto, (max-width: 361px) 100vw, 361px\" \/><\/a><\/p>\n","protected":false},"excerpt":{"rendered":"<p>Cabarets Ocytocines\u00a0\u00a0 &#x1f60a; L\u2019id\u00e9e : proposer aux \u00e9l\u00e8ves, enfants, adultes, ados des cours de groupe et des cours particuliers de tester en douceur la sc\u00e8ne et la repr\u00e9sentation en public sur 3 soir\u00e9es cabarets au Clap (les 2 premiers entre &hellip; <a href=\"http:\/\/asso-ocytocines.com\/fr\/cabarets\/\">Lire la suite\u00ad\u00ad<\/a><\/p>\n","protected":false},"author":1,"featured_media":0,"parent":0,"menu_order":0,"comment_status":"closed","ping_status":"closed","template":"","meta":{"kt_blocks_editor_width":"","footnotes":""},"class_list":["post-1277","page","type-page","status-publish","hentry"],"_links":{"self":[{"href":"http:\/\/asso-ocytocines.com\/fr\/wp-json\/wp\/v2\/pages\/1277","targetHints":{"allow":["GET"]}}],"collection":[{"href":"http:\/\/asso-ocytocines.com\/fr\/wp-json\/wp\/v2\/pages"}],"about":[{"href":"http:\/\/asso-ocytocines.com\/fr\/wp-json\/wp\/v2\/types\/page"}],"author":[{"embeddable":true,"href":"http:\/\/asso-ocytocines.com\/fr\/wp-json\/wp\/v2\/users\/1"}],"replies":[{"embeddable":true,"href":"http:\/\/asso-ocytocines.com\/fr\/wp-json\/wp\/v2\/comments?post=1277"}],"version-history":[{"count":26,"href":"http:\/\/asso-ocytocines.com\/fr\/wp-json\/wp\/v2\/pages\/1277\/revisions"}],"predecessor-version":[{"id":1942,"href":"http:\/\/asso-ocytocines.com\/fr\/wp-json\/wp\/v2\/pages\/1277\/revisions\/1942"}],"wp:attachment":[{"href":"http:\/\/asso-ocytocines.com\/fr\/wp-json\/wp\/v2\/media?parent=1277"}],"curies":[{"name":"wp","href":"https:\/\/api.w.org\/{rel}","templated":true}]}}