{"id":1292,"date":"2018-02-05T10:16:10","date_gmt":"2018-02-05T09:16:10","guid":{"rendered":"http:\/\/asso-ocytocines.com\/fr\/?page_id=1292"},"modified":"2020-08-20T19:29:27","modified_gmt":"2020-08-20T17:29:27","slug":"quest-ce-que-cest-2","status":"publish","type":"page","link":"http:\/\/asso-ocytocines.com\/fr\/quest-ce-que-cest-2\/","title":{"rendered":"Qu&rsquo;est ce que c&rsquo;est ?"},"content":{"rendered":"<p style=\"text-align: center;\"><span style=\"color: #ff00ff; font-size: 18pt;\"><strong>****************Cours et stages de Voix &amp; Chant**********************<\/strong><\/span><\/p>\n<p>&nbsp;<\/p>\n\r\n\t<div class=\"slideshow_container slideshow_container_style-light\" style=\"height: 300px; \" data-slideshow-id=\"748\" data-style-name=\"style-light\" data-style-version=\"2.3.1\" >\r\n\r\n\t\t\t\t\t<div class=\"slideshow_loading_icon\"><\/div>\r\n\t\t\r\n\t\t<div class=\"slideshow_content\" style=\"display: none;\">\r\n\r\n\t\t\t<div class=\"slideshow_view\">\r\n\t\t\t\t<div class=\"slideshow_slide slideshow_slide_image\">\r\n\t\t\t\t\t\t\t\t\t\t\t<img src=\"http:\/\/asso-ocytocines.com\/fr\/wp-content\/uploads\/2017\/08\/voix-vibration.jpg\" alt=\"voix-vibration\" width=\"908\" height=\"396\" \/>\r\n\t\t\t\t\t\t\t\t\t\t<div class=\"slideshow_description_box slideshow_transparent\">\r\n\t\t\t\t\t\t<div class=\"slideshow_title\">voix-vibration<\/div>\t\t\t\t\t\t\t\t\t\t\t<\/div>\r\n\t\t\t\t<\/div>\r\n\r\n\t\t\t\t\t\t<div style=\"clear: both;\"><\/div><\/div><div class=\"slideshow_view\">\r\n\t\t\t\t<div class=\"slideshow_slide slideshow_slide_image\">\r\n\t\t\t\t\t\t\t\t\t\t\t<img src=\"http:\/\/asso-ocytocines.com\/fr\/wp-content\/uploads\/2017\/08\/voix-presence.jpg\" alt=\"voix-presence\" width=\"908\" height=\"396\" \/>\r\n\t\t\t\t\t\t\t\t\t\t<div class=\"slideshow_description_box slideshow_transparent\">\r\n\t\t\t\t\t\t<div class=\"slideshow_title\">voix-presence<\/div>\t\t\t\t\t\t\t\t\t\t\t<\/div>\r\n\t\t\t\t<\/div>\r\n\r\n\t\t\t\t\t\t<div style=\"clear: both;\"><\/div><\/div><div class=\"slideshow_view\">\r\n\t\t\t\t<div class=\"slideshow_slide slideshow_slide_image\">\r\n\t\t\t\t\t\t\t\t\t\t\t<img src=\"http:\/\/asso-ocytocines.com\/fr\/wp-content\/uploads\/2017\/08\/voix-interpretation.jpg\" alt=\"voix-interpretation\" width=\"908\" height=\"396\" \/>\r\n\t\t\t\t\t\t\t\t\t\t<div class=\"slideshow_description_box slideshow_transparent\">\r\n\t\t\t\t\t\t<div class=\"slideshow_title\">voix-interpretation<\/div>\t\t\t\t\t\t\t\t\t\t\t<\/div>\r\n\t\t\t\t<\/div>\r\n\r\n\t\t\t\t\t\t<div style=\"clear: both;\"><\/div><\/div><div class=\"slideshow_view\">\r\n\t\t\t\t<div class=\"slideshow_slide slideshow_slide_image\">\r\n\t\t\t\t\t\t\t\t\t\t\t<img src=\"http:\/\/asso-ocytocines.com\/fr\/wp-content\/uploads\/2017\/08\/voix-impro.jpg\" alt=\"voix-impro\" width=\"908\" height=\"396\" \/>\r\n\t\t\t\t\t\t\t\t\t\t<div class=\"slideshow_description_box slideshow_transparent\">\r\n\t\t\t\t\t\t<div class=\"slideshow_title\">voix-impro<\/div>\t\t\t\t\t\t\t\t\t\t\t<\/div>\r\n\t\t\t\t<\/div>\r\n\r\n\t\t\t\t\t\t<div style=\"clear: both;\"><\/div><\/div>\r\n\t\t<\/div>\r\n\r\n\t\t<div class=\"slideshow_controlPanel slideshow_transparent\" style=\"display: none;\"><ul><li class=\"slideshow_togglePlay\" data-play-text=\"Play\" data-pause-text=\"Pause\"><\/li><\/ul><\/div>\r\n\r\n\t\t<div class=\"slideshow_button slideshow_previous slideshow_transparent\" role=\"button\" data-previous-text=\"Pr\u00e9c\u00e9dent\" style=\"display: none;\"><\/div>\r\n\t\t<div class=\"slideshow_button slideshow_next slideshow_transparent\" role=\"button\" data-next-text=\"Suivant\" style=\"display: none;\"><\/div>\r\n\r\n\t\t<div class=\"slideshow_pagination\" style=\"display: none;\" data-go-to-text=\"Go to slide\"><div class=\"slideshow_pagination_center\"><\/div><\/div>\r\n\r\n\t\t<!-- WordPress Slideshow Version 2.3.1 -->\r\n\r\n\t\t\t<\/div>\r\n\r\n\n<p><strong>***<\/strong><\/p>\n<p><strong>Cours de Chant <a href=\"http:\/\/asso-ocytocines.com\/fr\/atelier-chant-voix-adulte\/\">Adulte<\/a>, <a href=\"http:\/\/asso-ocytocines.com\/fr\/atelier-chant-ado-12-17-ans\/\">Ado<\/a> (11-17 ans) et <a href=\"http:\/\/asso-ocytocines.com\/fr\/cours-individuel-voix-chant\/\">Enfants<\/a> (cours particuliers) \u00e0 Lod\u00e8ve (Lau\u00a0<a href=\"http:\/\/clap-lodeve.com\/fr\/agenda-activites\/\" target=\"_blank\" rel=\"noopener noreferrer\">CLAP<\/a>) \/ <a href=\"http:\/\/asso-ocytocines.com\/fr\/cours-individuel-voix-chant\/\">Cours particuliers <\/a>et Stages Voix &amp; Chant \u00e0 <a href=\"http:\/\/asso-ocytocines.com\/fr\/3-stages-voix-chant-a-montpellier\/\">Montpellier<\/a>, <a href=\"http:\/\/asso-ocytocines.com\/fr\/stage-voix-chant-a-riviere-sur-tarn\/\">Millau<\/a>. Informations au 06 12 24 95 19<\/strong><\/p>\n<p><strong>***<\/strong><\/p>\n<p><span style=\"font-size: 18pt; color: #ff00ff;\"><strong>Technique vocale Corporelle &amp; Sensorielle<\/strong><\/span><br \/>\n<strong>Voix chant\u00e9e \/ Voix Parl\u00e9e<\/strong><\/p>\n<p><span style=\"font-size: 14pt;\">Avec l&rsquo;approche Chant Voix &amp; Corps<\/span> ( dipl\u00f4me Tire RNCP niveau 2)<\/p>\n<p><strong>Lib\u00e9rer les blocages,\u00a0 pr\u00e9ciser son geste vocal, enrichir sa cr\u00e9ativit\u00e9\u2026 Cette approche, \u00e0 la fois ludique et profonde, permet d\u2019\u00e9clore sa Voix, dans une d\u00e9marche d\u2019authenticit\u00e9 :<\/strong><\/p>\n<p>Geste vocal sain, Respiration, larynx, r\u00e9sonateurs, puissance vocale, justesse, \u00e9coute,<br \/>\nanatomie,\u00a0 interpr\u00e9tation, pr\u00e9sence, coaching vocal, gestion du stress et du mental<br \/>\nchant de groupe polyphonies, chant solo &amp; Chant improvis\u00e9 guid\u00e9<\/p>\n<p><strong>&gt;&gt; possibilit\u00e9 de faire de la sc\u00e8ne avec les\u00a0<a href=\"http:\/\/asso-ocytocines.com\/fr\/cabarets\/\">cabarets des \u00e9l\u00e8ves<\/a><\/strong><\/p>\n<p><span style=\"color: #ff00ff; font-size: 14pt;\"><strong>Trouver sa Voix dans le Plaisir !<\/strong><\/span><\/p>\n<p><strong>***<\/strong><\/p>\n<p>ATELIERS\u00a0 &amp; STAGES<\/p>\n<p><strong> <a href=\"http:\/\/asso-ocytocines.com\/fr\/atelier-chant-ado-12-17-ans\/\">&#x2764; Atelier Chant ADO 12-17 ans<\/a><\/strong><br \/>\n<strong> <a href=\"http:\/\/asso-ocytocines.com\/fr\/atelier-chant-voix-adulte\/\">&#x2764; Atelier Voix\/ Chant Adulte<\/a><\/strong><br \/>\n<strong><a href=\"http:\/\/asso-ocytocines.com\/fr\/cours-individuel-voix-chant\/\">&#x2764; Cours de Chant Particuliers<\/a><\/strong><br \/>\n<a href=\"http:\/\/asso-ocytocines.com\/fr\/category\/stages-ocytocines-lodeve-voix-corps\/\"><strong>&#x2764; Stages Voix &amp; Chan<\/strong>t<\/a><br \/>\n<a href=\"http:\/\/asso-ocytocines.com\/fr\/category\/stages-ocytocines-lodeve-voix-corps\/\"><strong>&#x2764; <\/strong><\/a><a href=\"http:\/\/asso-ocytocines.com\/fr\/chant-pour-tous-espace-dimpro-vocale\/\"><strong>CHANT POUR TOUS Lod\u00e8ve<\/strong><\/a><\/p>\n<p>&nbsp;<\/p>\n<p><strong><span style=\"color: #ff00ff; font-size: 14pt;\">**** Le plein d&rsquo;ocytocines :\u00a0Chanter Rend Heureux ! ****<\/span><br \/>\n<\/strong><\/p>\n<p><strong>De nombreuses \u00e9tudes scientifiques d\u00e9montrent que chanter lib\u00e8re de l\u2019endorphine et de l\u2019ocytocine, cela permet de se soulager du stress et de l\u2019anxi\u00e9t\u00e9 et am\u00e8ne aux sentiments de confiance et de solidarit\u00e9, les chanteurs se sentent ainsi relax\u00e9s, heureux et connect\u00e9s !<\/strong><\/p>\n","protected":false},"excerpt":{"rendered":"<p>****************Cours et stages de Voix &amp; Chant********************** &nbsp; *** Cours de Chant Adulte, Ado (11-17 ans) et Enfants (cours particuliers) \u00e0 Lod\u00e8ve (Lau\u00a0CLAP) \/ Cours particuliers et Stages Voix &amp; Chant \u00e0 Montpellier, Millau. Informations au 06 12 24 95 &hellip; <a href=\"http:\/\/asso-ocytocines.com\/fr\/quest-ce-que-cest-2\/\">Lire la suite\u00ad\u00ad<\/a><\/p>\n","protected":false},"author":1,"featured_media":0,"parent":0,"menu_order":0,"comment_status":"closed","ping_status":"closed","template":"","meta":{"kt_blocks_editor_width":"","footnotes":""},"class_list":["post-1292","page","type-page","status-publish","hentry"],"_links":{"self":[{"href":"http:\/\/asso-ocytocines.com\/fr\/wp-json\/wp\/v2\/pages\/1292","targetHints":{"allow":["GET"]}}],"collection":[{"href":"http:\/\/asso-ocytocines.com\/fr\/wp-json\/wp\/v2\/pages"}],"about":[{"href":"http:\/\/asso-ocytocines.com\/fr\/wp-json\/wp\/v2\/types\/page"}],"author":[{"embeddable":true,"href":"http:\/\/asso-ocytocines.com\/fr\/wp-json\/wp\/v2\/users\/1"}],"replies":[{"embeddable":true,"href":"http:\/\/asso-ocytocines.com\/fr\/wp-json\/wp\/v2\/comments?post=1292"}],"version-history":[{"count":7,"href":"http:\/\/asso-ocytocines.com\/fr\/wp-json\/wp\/v2\/pages\/1292\/revisions"}],"predecessor-version":[{"id":1971,"href":"http:\/\/asso-ocytocines.com\/fr\/wp-json\/wp\/v2\/pages\/1292\/revisions\/1971"}],"wp:attachment":[{"href":"http:\/\/asso-ocytocines.com\/fr\/wp-json\/wp\/v2\/media?parent=1292"}],"curies":[{"name":"wp","href":"https:\/\/api.w.org\/{rel}","templated":true}]}}