{"id":1875,"date":"2019-07-11T12:56:13","date_gmt":"2019-07-11T10:56:13","guid":{"rendered":"http:\/\/asso-ocytocines.com\/fr\/?page_id=1875"},"modified":"2019-08-02T12:06:33","modified_gmt":"2019-08-02T10:06:33","slug":"videos-voix-et-anatomie","status":"publish","type":"page","link":"http:\/\/asso-ocytocines.com\/fr\/videos-voix-et-anatomie\/","title":{"rendered":"Vid\u00e9os Voix et Anatomie"},"content":{"rendered":"<p><span style=\"text-decoration: underline;\"><span style=\"font-size: 18pt;\">Les cordes vocales en action :<\/span><\/span><\/p>\n<p>&nbsp;<\/p>\n<p><span style=\"font-size: 14pt;\">Anatomie<\/span><\/p>\n<p><iframe loading=\"lazy\" src=\"https:\/\/www.youtube.com\/embed\/wvPl180suUU\" width=\"560\" height=\"315\" frameborder=\"0\" allowfullscreen=\"allowfullscreen\"><\/iframe><\/p>\n<p>&nbsp;<\/p>\n<p><span style=\"font-size: 14pt;\">Cordes vocales en action<\/span><\/p>\n<p><iframe loading=\"lazy\" src=\"https:\/\/www.youtube.com\/embed\/YK_P3DbEkeQ\" width=\"560\" height=\"315\" frameborder=\"0\" allowfullscreen=\"allowfullscreen\"><\/iframe><\/p>\n<p><span style=\"font-size: 14pt;\">Cordes vocales en action notez la taille qui varie en fonction de la hauteur du son produit<\/span><br \/>\n<iframe loading=\"lazy\" src=\"https:\/\/www.youtube.com\/embed\/dk_w0LqQCrk\" width=\"560\" height=\"315\" frameborder=\"0\" allowfullscreen=\"allowfullscreen\"><\/iframe><\/p>\n<p><span style=\"font-size: 14pt;\">Cordes vocales au ralenti : images impressionnantes !<\/span><\/p>\n<div style=\"width: 854px;\" class=\"wp-video\"><!--[if lt IE 9]><script>document.createElement('video');<\/script><![endif]-->\n<video class=\"wp-video-shortcode\" id=\"video-1875-1\" width=\"854\" height=\"480\" preload=\"metadata\" controls=\"controls\"><source type=\"video\/mp4\" src=\"http:\/\/asso-ocytocines.com\/fr\/wp-content\/uploads\/2019\/07\/Uma-das-imagens-das-PregasVocais-mais-lindas-que-j\u00e1-vi.-Uma-super-imagem-est.mp4?_=1\" \/><a href=\"http:\/\/asso-ocytocines.com\/fr\/wp-content\/uploads\/2019\/07\/Uma-das-imagens-das-PregasVocais-mais-lindas-que-j\u00e1-vi.-Uma-super-imagem-est.mp4\">http:\/\/asso-ocytocines.com\/fr\/wp-content\/uploads\/2019\/07\/Uma-das-imagens-das-PregasVocais-mais-lindas-que-j\u00e1-vi.-Uma-super-imagem-est.mp4<\/a><\/video><\/div>\n<p>&nbsp;<\/p>\n<p><span style=\"text-decoration: underline;\"><span style=\"font-size: 18pt;\">Comment \u00e7a marche ?<\/span><\/span><\/p>\n<p><span style=\"font-size: 14pt;\">Pourquoi les cordes vocales vibrent-elle ?<\/span><\/p>\n<p><iframe loading=\"lazy\" src=\"https:\/\/www.youtube.com\/embed\/PeBA8FtwGN8\" width=\"560\" height=\"315\" frameborder=\"0\" allowfullscreen=\"allowfullscreen\"><\/iframe><\/p>\n<p>&nbsp;<\/p>\n<p><span style=\"font-size: 14pt;\">Comment le son de notre voix se forme t&rsquo;il ?<\/span><\/p>\n<p><iframe loading=\"lazy\" src=\"https:\/\/www.youtube.com\/embed\/SHKpKeBeQ2c\" width=\"560\" height=\"315\" frameborder=\"0\" allowfullscreen=\"allowfullscreen\"><\/iframe><\/p>\n<p>&nbsp;<\/p>\n<p>Pourquoi avons-nous tous un timbre de voix diff\u00e9rent ?<\/p>\n<p><iframe loading=\"lazy\" src=\"https:\/\/www.youtube.com\/embed\/jc8xcRgO92I\" width=\"560\" height=\"315\" frameborder=\"0\" allowfullscreen=\"allowfullscreen\"><\/iframe><\/p>\n<p>&nbsp;<\/p>\n<p><iframe loading=\"lazy\" src=\"https:\/\/www.youtube.com\/embed\/WQOJ_WzEt6Y\" width=\"560\" height=\"315\" frameborder=\"0\" allowfullscreen=\"allowfullscreen\"><\/iframe><\/p>\n<p>L&rsquo;\u00e9mission c&rsquo;est pas sorcier sur la Voix en entier<br \/>\n<iframe loading=\"lazy\" src=\"https:\/\/www.youtube.com\/embed\/seExRSquGBQ\" width=\"560\" height=\"315\" frameborder=\"0\" allowfullscreen=\"allowfullscreen\"><\/iframe><br \/>\n<span style=\"text-decoration: underline;\"><span style=\"font-size: 18pt;\">Faire un examen Vocal :\u00a0 la laryngoscopie<\/span><\/span><\/p>\n<p><iframe loading=\"lazy\" src=\"https:\/\/www.youtube.com\/embed\/0qp0-ZCTj9M\" width=\"560\" height=\"315\" frameborder=\"0\" allowfullscreen=\"allowfullscreen\"><\/iframe><\/p>\n<p>&nbsp;<\/p>\n<p><span style=\"text-decoration: underline;\"><span style=\"font-size: 18pt;\">Les r\u00e9sonateurs et articulateurs en action : IRM de chanteurs<\/span><\/span><\/p>\n<p>&nbsp;<\/p>\n<p>M\u00eame m\u00e9lodies avec plusieurs styles<\/p>\n<p><iframe loading=\"lazy\" src=\"https:\/\/www.youtube.com\/embed\/J3TwTb-T044\" width=\"560\" height=\"315\" frameborder=\"0\" allowfullscreen=\"allowfullscreen\"><\/iframe><\/p>\n<p>&nbsp;<\/p>\n<p>Beat Box :<\/p>\n<p><iframe loading=\"lazy\" src=\"https:\/\/www.youtube.com\/embed\/Wh4aEc4yPh0\" width=\"560\" height=\"315\" frameborder=\"0\" allowfullscreen=\"allowfullscreen\"><\/iframe><\/p>\n<p>&nbsp;<\/p>\n<p><span style=\"text-decoration: underline;\"><span style=\"font-size: 18pt;\">Le Larynx<\/span><\/span><\/p>\n<p><iframe loading=\"lazy\" src=\"https:\/\/www.youtube.com\/embed\/ZVIxVgPgIpA\" width=\"560\" height=\"315\" frameborder=\"0\" allowfullscreen=\"allowfullscreen\"><\/iframe><\/p>\n<p>&nbsp;<\/p>\n<p>Construire son larynx en papier<\/p>\n<p><iframe loading=\"lazy\" src=\"https:\/\/www.youtube.com\/embed\/H1UEzPc3I2g\" width=\"560\" height=\"315\" frameborder=\"0\" allowfullscreen=\"allowfullscreen\"><\/iframe><br \/>\nt\u00e9l\u00e9charger le mod\u00e8le en PDF :\u00a0<a href=\"http:\/\/asso-ocytocines.com\/fr\/wp-content\/uploads\/2019\/07\/modele-larynx-en-papier.pdf\">modele larynx en papier<\/a><\/p>\n<p>&nbsp;<\/p>\n<p><span style=\"text-decoration: underline;\"><span style=\"font-size: 18pt;\">Le diaphragme<\/span><\/span><\/p>\n<p>&nbsp;<\/p>\n<p><iframe loading=\"lazy\" src=\"https:\/\/www.youtube.com\/embed\/aFw7MTRucoM\" width=\"560\" height=\"315\" frameborder=\"0\" allowfullscreen=\"allowfullscreen\"><\/iframe><\/p>\n<p>&nbsp;<\/p>\n<p><iframe loading=\"lazy\" src=\"https:\/\/www.youtube.com\/embed\/5L3dM3hinuo\" width=\"560\" height=\"315\" frameborder=\"0\" allowfullscreen=\"allowfullscreen\"><\/iframe><\/p>\n<p>&nbsp;<\/p>\n<p><span style=\"text-decoration: underline;\"><span style=\"font-size: 18pt;\">Les Harmoniques<\/span><\/span><\/p>\n<p>IRM d&rsquo;une chanteuse<\/p>\n<p>&nbsp;<\/p>\n<p><iframe loading=\"lazy\" src=\"https:\/\/www.youtube.com\/embed\/d6cyHGOht58\" width=\"560\" height=\"315\" frameborder=\"0\" allowfullscreen=\"allowfullscreen\"><\/iframe><\/p>\n<p>&nbsp;<\/p>\n<p><iframe loading=\"lazy\" src=\"https:\/\/www.youtube.com\/embed\/UHTF1-IhuC0\" width=\"560\" height=\"315\" frameborder=\"0\" allowfullscreen=\"allowfullscreen\"><\/iframe><\/p>\n<p style=\"text-align: center;\">*****************<\/p>\n<p><iframe loading=\"lazy\" src=\"https:\/\/www.youtube.com\/embed\/mx0xmK9NvrI\" width=\"560\" height=\"315\" frameborder=\"0\" allowfullscreen=\"allowfullscreen\"><\/iframe><\/p>\n<p>&nbsp;<\/p>\n","protected":false},"excerpt":{"rendered":"<p>Les cordes vocales en action : &nbsp; Anatomie &nbsp; Cordes vocales en action Cordes vocales en action notez la taille qui varie en fonction de la hauteur du son produit Cordes vocales au ralenti : images impressionnantes ! &nbsp; Comment &hellip; <a href=\"http:\/\/asso-ocytocines.com\/fr\/videos-voix-et-anatomie\/\">Lire la suite\u00ad\u00ad<\/a><\/p>\n","protected":false},"author":1,"featured_media":0,"parent":0,"menu_order":0,"comment_status":"closed","ping_status":"closed","template":"","meta":{"kt_blocks_editor_width":"","footnotes":""},"class_list":["post-1875","page","type-page","status-publish","hentry"],"_links":{"self":[{"href":"http:\/\/asso-ocytocines.com\/fr\/wp-json\/wp\/v2\/pages\/1875","targetHints":{"allow":["GET"]}}],"collection":[{"href":"http:\/\/asso-ocytocines.com\/fr\/wp-json\/wp\/v2\/pages"}],"about":[{"href":"http:\/\/asso-ocytocines.com\/fr\/wp-json\/wp\/v2\/types\/page"}],"author":[{"embeddable":true,"href":"http:\/\/asso-ocytocines.com\/fr\/wp-json\/wp\/v2\/users\/1"}],"replies":[{"embeddable":true,"href":"http:\/\/asso-ocytocines.com\/fr\/wp-json\/wp\/v2\/comments?post=1875"}],"version-history":[{"count":8,"href":"http:\/\/asso-ocytocines.com\/fr\/wp-json\/wp\/v2\/pages\/1875\/revisions"}],"predecessor-version":[{"id":1898,"href":"http:\/\/asso-ocytocines.com\/fr\/wp-json\/wp\/v2\/pages\/1875\/revisions\/1898"}],"wp:attachment":[{"href":"http:\/\/asso-ocytocines.com\/fr\/wp-json\/wp\/v2\/media?parent=1875"}],"curies":[{"name":"wp","href":"https:\/\/api.w.org\/{rel}","templated":true}]}}