{"id":2,"date":"2015-08-24T08:14:54","date_gmt":"2015-08-24T06:14:54","guid":{"rendered":"http:\/\/asso-ocytocines.com\/fr\/?page_id=2"},"modified":"2024-06-25T12:30:30","modified_gmt":"2024-06-25T10:30:30","slug":"association-ocytocines-lodeve","status":"publish","type":"page","link":"http:\/\/asso-ocytocines.com\/fr\/association-ocytocines-lodeve\/","title":{"rendered":"L&rsquo;association Ocytocines CHANT"},"content":{"rendered":"\r\n\t<div class=\"slideshow_container slideshow_container_style-light\" style=\"height: 300px; \" data-slideshow-id=\"748\" data-style-name=\"style-light\" data-style-version=\"2.3.1\" >\r\n\r\n\t\t\t\t\t<div class=\"slideshow_loading_icon\"><\/div>\r\n\t\t\r\n\t\t<div class=\"slideshow_content\" style=\"display: none;\">\r\n\r\n\t\t\t<div class=\"slideshow_view\">\r\n\t\t\t\t<div class=\"slideshow_slide slideshow_slide_image\">\r\n\t\t\t\t\t\t\t\t\t\t\t<img src=\"http:\/\/asso-ocytocines.com\/fr\/wp-content\/uploads\/2017\/08\/voix-vibration.jpg\" alt=\"voix-vibration\" width=\"908\" height=\"396\" \/>\r\n\t\t\t\t\t\t\t\t\t\t<div class=\"slideshow_description_box slideshow_transparent\">\r\n\t\t\t\t\t\t<div class=\"slideshow_title\">voix-vibration<\/div>\t\t\t\t\t\t\t\t\t\t\t<\/div>\r\n\t\t\t\t<\/div>\r\n\r\n\t\t\t\t\t\t<div style=\"clear: both;\"><\/div><\/div><div class=\"slideshow_view\">\r\n\t\t\t\t<div class=\"slideshow_slide slideshow_slide_image\">\r\n\t\t\t\t\t\t\t\t\t\t\t<img src=\"http:\/\/asso-ocytocines.com\/fr\/wp-content\/uploads\/2017\/08\/voix-presence.jpg\" alt=\"voix-presence\" width=\"908\" height=\"396\" \/>\r\n\t\t\t\t\t\t\t\t\t\t<div class=\"slideshow_description_box slideshow_transparent\">\r\n\t\t\t\t\t\t<div class=\"slideshow_title\">voix-presence<\/div>\t\t\t\t\t\t\t\t\t\t\t<\/div>\r\n\t\t\t\t<\/div>\r\n\r\n\t\t\t\t\t\t<div style=\"clear: both;\"><\/div><\/div><div class=\"slideshow_view\">\r\n\t\t\t\t<div class=\"slideshow_slide slideshow_slide_image\">\r\n\t\t\t\t\t\t\t\t\t\t\t<img src=\"http:\/\/asso-ocytocines.com\/fr\/wp-content\/uploads\/2017\/08\/voix-interpretation.jpg\" alt=\"voix-interpretation\" width=\"908\" height=\"396\" \/>\r\n\t\t\t\t\t\t\t\t\t\t<div class=\"slideshow_description_box slideshow_transparent\">\r\n\t\t\t\t\t\t<div class=\"slideshow_title\">voix-interpretation<\/div>\t\t\t\t\t\t\t\t\t\t\t<\/div>\r\n\t\t\t\t<\/div>\r\n\r\n\t\t\t\t\t\t<div style=\"clear: both;\"><\/div><\/div><div class=\"slideshow_view\">\r\n\t\t\t\t<div class=\"slideshow_slide slideshow_slide_image\">\r\n\t\t\t\t\t\t\t\t\t\t\t<img src=\"http:\/\/asso-ocytocines.com\/fr\/wp-content\/uploads\/2017\/08\/voix-impro.jpg\" alt=\"voix-impro\" width=\"908\" height=\"396\" \/>\r\n\t\t\t\t\t\t\t\t\t\t<div class=\"slideshow_description_box slideshow_transparent\">\r\n\t\t\t\t\t\t<div class=\"slideshow_title\">voix-impro<\/div>\t\t\t\t\t\t\t\t\t\t\t<\/div>\r\n\t\t\t\t<\/div>\r\n\r\n\t\t\t\t\t\t<div style=\"clear: both;\"><\/div><\/div>\r\n\t\t<\/div>\r\n\r\n\t\t<div class=\"slideshow_controlPanel slideshow_transparent\" style=\"display: none;\"><ul><li class=\"slideshow_togglePlay\" data-play-text=\"Play\" data-pause-text=\"Pause\"><\/li><\/ul><\/div>\r\n\r\n\t\t<div class=\"slideshow_button slideshow_previous slideshow_transparent\" role=\"button\" data-previous-text=\"Pr\u00e9c\u00e9dent\" style=\"display: none;\"><\/div>\r\n\t\t<div class=\"slideshow_button slideshow_next slideshow_transparent\" role=\"button\" data-next-text=\"Suivant\" style=\"display: none;\"><\/div>\r\n\r\n\t\t<div class=\"slideshow_pagination\" style=\"display: none;\" data-go-to-text=\"Go to slide\"><div class=\"slideshow_pagination_center\"><\/div><\/div>\r\n\r\n\t\t<!-- WordPress Slideshow Version 2.3.1 -->\r\n\r\n\t\t\t<\/div>\r\n\r\n\n<p><strong>**** Le plein d\u2019ocytocines :\u00a0Chanter Rend Heureux ! ****<br \/>\n<\/strong><\/p>\n<p><strong>De nombreuses \u00e9tudes scientifiques d\u00e9montrent que chanter lib\u00e8re de l\u2019endorphine et de l\u2019ocytocine, cela permet de se soulager du stress et de l\u2019anxi\u00e9t\u00e9 et am\u00e8ne aux sentiments de confiance et de solidarit\u00e9, les chanteurs se sentent ainsi relax\u00e9s, heureux et connect\u00e9s !<\/strong><\/p>\n<p>&nbsp;<\/p>\n<p style=\"text-align: center;\"><span style=\"font-size: 14pt; color: #ff00ff;\"><strong>****************Cours et stages de Voix &amp; Chant*********************<\/strong><\/span><\/p>\n<p><strong>Cours de Chant\u00a0<a href=\"http:\/\/asso-ocytocines.com\/fr\/atelier-chant-voix-adulte\/\">Adulte<\/a>,\u00a0<a href=\"http:\/\/asso-ocytocines.com\/fr\/atelier-chant-ado-12-17-ans\/\">Ado<\/a>\u00a0(11-17 ans) \u00a0\u00e0 Lod\u00e8ve (au\u00a0<a href=\"http:\/\/clap-lodeve.com\/fr\/agenda-activites\/\" target=\"_blank\" rel=\"noopener noreferrer\">CLAP<\/a>) \/\u00a0<a href=\"http:\/\/asso-ocytocines.com\/fr\/cours-individuel-voix-chant\/\">Cours particuliers\u00a0<\/a>et Stages Voix &amp; Chant \u00e0\u00a0<a href=\"http:\/\/asso-ocytocines.com\/fr\/3-stages-voix-chant-a-montpellier\/\">Montpellier<\/a>,\u00a0<a href=\"http:\/\/asso-ocytocines.com\/fr\/stage-voix-chant-a-riviere-sur-tarn\/\">Millau<\/a>. Informations au 06 12 24 95 19<\/strong><\/p>\n<p><strong>***<\/strong><\/p>\n<p><span style=\"font-size: 14pt; color: #ff00ff;\"><strong>Technique vocale Corporelle &amp; Sensorielle\u00a0<\/strong><strong>Voix chant\u00e9e \/ Voix Parl\u00e9e<\/strong><\/span><\/p>\n<p>Anim\u00e9s par Laetitia Dhainault, avec l\u2019approche Chant Voix &amp; Corps &#8211;\u00a0 dipl\u00f4m\u00e9e Titre RNCP niveau 6 (bac +3)<\/p>\n<p><strong>Lib\u00e9rer les blocages,\u00a0 pr\u00e9ciser son geste vocal, enrichir sa cr\u00e9ativit\u00e9\u2026 Cette approche, \u00e0 la fois ludique et profonde, permet d\u2019\u00e9clore sa Voix, dans une d\u00e9marche d\u2019authenticit\u00e9 :<\/strong><\/p>\n<p>Geste vocal sain, Respiration, larynx, r\u00e9sonateurs, puissance vocale, justesse, \u00e9coute,<br \/>\nanatomie,\u00a0 interpr\u00e9tation, pr\u00e9sence, coaching vocal, gestion du stress et du mental<br \/>\nchant de groupe polyphonies, chant solo &amp; Chant improvis\u00e9 guid\u00e9<\/p>\n<p><strong>&gt;&gt; possibilit\u00e9 de faire de la sc\u00e8ne avec les\u00a0<a href=\"http:\/\/asso-ocytocines.com\/fr\/cabarets\/\">cabarets des \u00e9l\u00e8ves<\/a><\/strong><\/p>\n<p><strong>Trouver sa Voix dans le Plaisir !<\/strong><\/p>\n<p><strong>***<\/strong><\/p>\n<p>ATELIERS\u00a0 &amp; STAGES<\/p>\n<p><strong><a href=\"http:\/\/asso-ocytocines.com\/fr\/atelier-chant-ado-12-17-ans\/\">&#x2764;\u00a0Atelier Chant ADO 12-17 ans<\/a><\/strong><br \/>\n<strong><a href=\"http:\/\/asso-ocytocines.com\/fr\/atelier-chant-voix-adulte\/\">&#x2764;\u00a0Atelier Voix\/ Chant Adulte<\/a><\/strong><br \/>\n<strong><a href=\"http:\/\/asso-ocytocines.com\/fr\/cours-individuel-voix-chant\/\">&#x2764;\u00a0Cours de Chant Particuliers<\/a><\/strong><br \/>\n<a href=\"http:\/\/asso-ocytocines.com\/fr\/category\/stages-ocytocines-lodeve-voix-corps\/\"><strong>&#x2764;\u00a0Stages Voix &amp; Chan<\/strong>t<\/a><\/p>\n<p>&nbsp;<\/p>\n<p><span style=\"color: #ff00ff; font-size: 24pt;\">ASSOCIATION OCYTOCINES CHANT<\/span><\/p>\n<h3>OBJET<\/h3>\n<p><strong>Laboratoire d&rsquo;exploration autour de th\u00e8mes vari\u00e9s, dont celui du CHANT , l\u2019 objet de l\u2019association Ocytocines est de cr\u00e9er du lien, explorer , s\u2019exprimer et d\u00e9velopper ses capacit\u00e9s , par la cr\u00e9ation et l&rsquo;animation d&rsquo;ateliers, de stages, de conf\u00e9rences, de groupe de parole, d&rsquo;\u00e9v\u00e9nements et aussi par l&rsquo;accompagnement collectif ou individuel.<\/strong><\/p>\n<h3>COMMENT\u00a0?<\/h3>\n<p>Pour cela nous proposons\u00a0:<\/p>\n<p><a href=\"http:\/\/asso-ocytocines.com\/fr\/atelier-chant-ado-12-17-ans\/\">&#x2764; Atelier Chant ADO 12-17 ans<\/a><br \/>\n<a href=\"http:\/\/asso-ocytocines.com\/fr\/atelier-chant-voix-adulte\/\">&#x2764; Atelier Voix\/ Chant Adulte<\/a><br \/>\n<a href=\"http:\/\/asso-ocytocines.com\/fr\/atelier-chant-ado-12-17-ans\/\">&#x2764;<\/a><a href=\"https:\/\/asso-ocytocines.com\/fr\/ateliers-chant-solo\/\"> Atelier bi-mensuel \u00ab\u00a0chant SOLO\u00a0\u00bb<\/a><br \/>\n<a href=\"http:\/\/asso-ocytocines.com\/fr\/atelier-chant-voix-adulte\/\">&#x2764;<\/a><a href=\"https:\/\/asso-ocytocines.com\/fr\/cours-de-chant-mensuel-34\/\"> Stages CHANT Mensuels &#8211; 1dim\/mois<\/a><br \/>\n<a href=\"http:\/\/asso-ocytocines.com\/fr\/atelier-chant-ado-12-17-ans\/\">&#x2764;\u00a0<\/a><a href=\"https:\/\/asso-ocytocines.com\/fr\/stages-voix-chant-a-montpellier\/\">3 Stages de Chant \u00e0 Montpellier<\/a><br \/>\n<a href=\"http:\/\/asso-ocytocines.com\/fr\/atelier-chant-voix-adulte\/\">&#x2764;<\/a><a href=\"https:\/\/asso-ocytocines.com\/fr\/stages-dete-voix-chant\/\"> Stages d&rsquo;\u00e9t\u00e9 \u00ab\u00a0Voix et Chant dans la Nature<\/a><br \/>\n<a href=\"http:\/\/asso-ocytocines.com\/fr\/cours-individuel-voix-chant\/\">&#x2764; Cours de Chant Particuliers<\/a><br \/>\n<a href=\"http:\/\/asso-ocytocines.com\/fr\/category\/stages-ocytocines-lodeve-voix-corps\/\">&#x2764; Stages Voix &amp; Chant<\/a><\/p>\n<p>des conf\u00e9rences, des stages et des \u00e9v\u00e8nements&#8230;..<\/p>\n<h3>LE BUT\u00a0?<\/h3>\n<p>&#8211; Explorer, d\u00e9couvrir des possibles<br \/>\n&#8211; Conna\u00eetre son corps<br \/>\n&#8211; Prendre conscience de ses capacit\u00e9s et les mettre en valeur<br \/>\n&#8211; Embellir sa relation \u00e0 soi et aux autres<br \/>\n&#8211; Cr\u00e9er des espaces d&rsquo;\u00e9changes et de convivialit\u00e9<br \/>\n&#8211; Enrichir son ouverture au monde, aux autres, \u00e0 la culture, \u00e0 la nature&#8230;<\/p>\n<h3>LA PHILO\u00a0?<\/h3>\n<p>&#8211; respect de la diversit\u00e9 de chacun<br \/>\n&#8211; pratiquer et installer une approche bienveillante et active<br \/>\n&#8211; d\u00e9velopper la coop\u00e9ration et la co-cr\u00e9ation<br \/>\n&#8211; aller vers le positif\u00a0: s\u2019int\u00e9resser \u00e0 ce qui nous rend heureux<br \/>\n&#8211; faire des propositions ludiques, innovantes et cr\u00e9atives<br \/>\n&#8211; explorer l&rsquo;\u00eatre dans son int\u00e9grit\u00e9\u00a0: corporelle, \u00e9motionnelle et mentale<\/p>\n<h3>QUOI\u00a0?<\/h3>\n<p>&gt;&gt; Les th\u00e8mes en vrac :<br \/>\nTechnique Vocale Voix parl\u00e9e, Voix Chant\u00e9e &#8211; Chant Impro &#8211; Chant spontan\u00e9s &#8211; Jeux vocaux &#8211; Cabarets des \u00e9l\u00e8ves, Concerts Ados &#8230; et autres id\u00e9es<\/p>\n<h3>POUR QUI\u00a0?<\/h3>\n<p>L&rsquo;association Ocytocines s&rsquo;adresse \u00e0 un public vari\u00e9, multiculturel et transg\u00e9n\u00e9rationnel.<br \/>\n&#8211; Adulte, Adolescents<\/p>\n<h3>O\u00d9\u00a0?<\/h3>\n<p>L&rsquo;association est bas\u00e9e \u00e0 Lod\u00e8ve et pourra rayonner en fonction des projets depuis cette base. Les activit\u00e9s se d\u00e9rouleront\u00a0:<br \/>\n\u2013 au<a href=\"http:\/\/clap-lodeve.com\/fr\/\" target=\"_blank\" rel=\"noopener noreferrer\"><strong> CLAP<\/strong><\/a> Collectif des Aptitudes Partag\u00e9es (9 Rue Denfert Lod\u00e8ve)<br \/>\n\u2013 \u00e0 la <strong>Maison de Joy<\/strong> \u00e0 Montferrier<br \/>\n\u2013 au<a href=\"http:\/\/clap-lodeve.com\/fr\/\" target=\"_blank\" rel=\"noopener noreferrer\"><strong>\u00a0<\/strong><\/a>\u00a0<strong>Val des f\u00e9es<\/strong> \u00e0 Lacoste 34<br \/>\nelles se sont aussi d\u00e9roul\u00e9es :<br \/>\n\u2013 \u00e0 <strong>Espace municipal Lut\u00e9va<\/strong>, Boulevard Joseph Maury, 34700 Lod\u00e8ve<br \/>\n\u2013 \u00e0 <strong>MONTPELLIER<\/strong> quartier Boutonnet<br \/>\n\u2013 \u00e0\u00a0 <strong>MILLAU<\/strong> au Bar&rsquo;Bouille<br \/>\n\u2013 dans des lieux de stage au milieu de la nature (Val des F\u00e9es)<br \/>\n\u2013 dans tout autres lieux cosy souhaitant accueillir les activit\u00e9s de l\u2019asso<\/p>\n<h3>QUI ?<\/h3>\n<p>&#8211; Pr\u00e9sidente de l&rsquo;association\u00a0: Laetitia Franchitti<br \/>\n&#8211; Secr\u00e9taire\u00a0: C\u00e9line Mendes<br \/>\n&#8211; Tr\u00e9sori\u00e8re\u00a0: Marie Agnes Renard<br \/>\n&#8211; Animatrice \/ organisatrice \/ co-cr\u00e9atrice : Laetitia Dhainault (diplom\u00e9e Professeur de Chant et de Technique Vocale)<br \/>\n&#8211; un R\u00e9seau de professionnels identifi\u00e9s en lien avec l&rsquo;association pour travailler en co-animation et\/ou en collaboration.<br \/>\n&#8211; Des adh\u00e9rents de l&rsquo;association &#8211; n\u00b0 siret 832 323 133 00039<\/p>\n<p style=\"text-align: center;\"><a href=\"http:\/\/asso-ocytocines.com\/fr\/wp-content\/uploads\/2015\/08\/P_20161018_112756_1.jpg\"><img loading=\"lazy\" decoding=\"async\" class=\"size-medium wp-image-1034 aligncenter\" src=\"http:\/\/asso-ocytocines.com\/fr\/wp-content\/uploads\/2015\/08\/P_20161018_112756_1-300x169.jpg\" alt=\"\" width=\"300\" height=\"169\" srcset=\"http:\/\/asso-ocytocines.com\/fr\/wp-content\/uploads\/2015\/08\/P_20161018_112756_1-300x169.jpg 300w, http:\/\/asso-ocytocines.com\/fr\/wp-content\/uploads\/2015\/08\/P_20161018_112756_1-768x432.jpg 768w, http:\/\/asso-ocytocines.com\/fr\/wp-content\/uploads\/2015\/08\/P_20161018_112756_1-1024x576.jpg 1024w\" sizes=\"auto, (max-width: 300px) 100vw, 300px\" \/><\/a>Les membres du Bureau en 2016 : May, Isabelle, Laetitia et C\u00e9line co-animatrice<\/p>\n<p>&nbsp;<\/p>\n<div id=\"SL_balloon_obj\" style=\"display: block;\">\n<div id=\"SL_button\" style=\"background: transparent url('chrome:\/\/imtranslator\/content\/img\/util\/imtranslator-s.png') repeat scroll 0% 0%; display: block; width: 24px; height: 24px; position: absolute; cursor: pointer; visibility: hidden; opacity: 0; transition: visibility 3s ease 0s, opacity 3s linear 0s; left: 357px; top: 572.567px;\"><\/div>\n<div id=\"SL_shadow_translation_result2\" style=\"display: none; margin-top: 30px; margin-left: 1px; direction: ltr; text-align: left; min-height: 40px;\"><\/div>\n<div id=\"SL_shadow_translator\" style=\"display: none;\">\n<div id=\"SL_providers\">\n<div id=\"SL_P0\" class=\"SL_BL_LABLE_ON\" title=\"Google\">G<\/div>\n<div id=\"SL_P1\" class=\"SL_BL_LABLE_ON\" title=\"Microsoft\">M<\/div>\n<div id=\"SL_P2\" class=\"SL_BL_LABLE_ON\" title=\"Translator\">T<\/div>\n<\/div>\n<div id=\"SL_planshet\" style=\"background: #f4f5f5 url('chrome:\/\/imtranslator\/content\/img\/util\/bg2.png') repeat scroll 0% 0%;\">\n<div id=\"SL_TB\">\n<div id=\"bubblelogo\" style=\"background: transparent url('chrome:\/\/imtranslator\/content\/img\/util\/imtranslator-s.png') repeat scroll 0% 0%; display: block; width: 24px; height: 24px; cursor: pointer; position: absolute;\"><\/div>\n<table id=\"SL_tables\">\n<tbody>\n<tr>\n<td align=\"right\" width=\"10%\"><input id=\"SLloc\" title=\"Lock-in language\" type=\"checkbox\" \/><\/td>\n<td align=\"left\" width=\"20%\"><select id=\"SL_lng_from\"><option value=\"auto\">Detect language<\/option><option value=\"af\">Afrikaans<\/option><option value=\"sq\">Albanian<\/option><option value=\"ar\">Arabic<\/option><option value=\"hy\">Armenian<\/option><option value=\"az\">Azerbaijani<\/option><option value=\"eu\">Basque<\/option><option value=\"be\">Belarusian<\/option><option value=\"bn\">Bengali<\/option><option value=\"bs\">Bosnian<\/option><option value=\"bg\">Bulgarian<\/option><option value=\"ca\">Catalan<\/option><option value=\"ceb\">Cebuano<\/option><option value=\"ny\">Chichewa<\/option><option value=\"zh-CN\">Chinese (Simplified)<\/option><option value=\"zh-TW\">Chinese (Traditional)<\/option><option value=\"hr\">Croatian<\/option><option value=\"cs\">Czech<\/option><option value=\"da\">Danish<\/option><option value=\"nl\">Dutch<\/option><option value=\"en\">English<\/option><option value=\"eo\">Esperanto<\/option><option value=\"et\">Estonian<\/option><option value=\"tl\">Filipino<\/option><option value=\"fi\">Finnish<\/option><option value=\"fr\">French<\/option><option value=\"gl\">Galician<\/option><option value=\"ka\">Georgian<\/option><option value=\"de\">German<\/option><option value=\"el\">Greek<\/option><option value=\"gu\">Gujarati<\/option><option value=\"ht\">Haitian Creole<\/option><option value=\"ha\">Hausa<\/option><option value=\"iw\">Hebrew<\/option><option value=\"hi\">Hindi<\/option><option value=\"hmn\">Hmong<\/option><option value=\"hu\">Hungarian<\/option><option value=\"is\">Icelandic<\/option><option value=\"ig\">Igbo<\/option><option value=\"id\">Indonesian<\/option><option value=\"ga\">Irish<\/option><option value=\"it\">Italian<\/option><option value=\"ja\">Japanese<\/option><option value=\"jw\">Javanese<\/option><option value=\"kn\">Kannada<\/option><option value=\"kk\">Kazakh<\/option><option value=\"km\">Khmer<\/option><option value=\"ko\">Korean<\/option><option value=\"lo\">Lao<\/option><option value=\"la\">Latin<\/option><option value=\"lv\">Latvian<\/option><option value=\"lt\">Lithuanian<\/option><option value=\"mk\">Macedonian<\/option><option value=\"mg\">Malagasy<\/option><option value=\"ms\">Malay<\/option><option value=\"ml\">Malayalam<\/option><option value=\"mt\">Maltese<\/option><option value=\"mi\">Maori<\/option><option value=\"mr\">Marathi<\/option><option value=\"mn\">Mongolian<\/option><option value=\"my\">Myanmar (Burmese)<\/option><option value=\"ne\">Nepali<\/option><option value=\"no\">Norwegian<\/option><option value=\"fa\">Persian<\/option><option value=\"pl\">Polish<\/option><option value=\"pt\">Portuguese<\/option><option value=\"pa\">Punjabi<\/option><option value=\"ro\">Romanian<\/option><option value=\"ru\">Russian<\/option><option value=\"sr\">Serbian<\/option><option value=\"st\">Sesotho<\/option><option value=\"si\">Sinhala<\/option><option value=\"sk\">Slovak<\/option><option value=\"sl\">Slovenian<\/option><option value=\"so\">Somali<\/option><option value=\"es\">Spanish<\/option><option value=\"su\">Sundanese<\/option><option value=\"sw\">Swahili<\/option><option value=\"sv\">Swedish<\/option><option value=\"tg\">Tajik<\/option><option value=\"ta\">Tamil<\/option><option value=\"te\">Telugu<\/option><option value=\"th\">Thai<\/option><option value=\"tr\">Turkish<\/option><option value=\"uk\">Ukrainian<\/option><option value=\"ur\">Urdu<\/option><option value=\"uz\">Uzbek<\/option><option value=\"vi\">Vietnamese<\/option><option value=\"cy\">Welsh<\/option><option value=\"yi\">Yiddish<\/option><option value=\"yo\">Yoruba<\/option><option value=\"zu\">Zulu<\/option><\/select><\/td>\n<td align=\"center\" width=\"5%\"><\/td>\n<td align=\"left\" width=\"20%\"><select id=\"SL_lng_to\"><option value=\"af\">Afrikaans<\/option><option value=\"sq\">Albanian<\/option><option value=\"ar\">Arabic<\/option><option value=\"hy\">Armenian<\/option><option value=\"az\">Azerbaijani<\/option><option value=\"eu\">Basque<\/option><option value=\"be\">Belarusian<\/option><option value=\"bn\">Bengali<\/option><option value=\"bs\">Bosnian<\/option><option value=\"bg\">Bulgarian<\/option><option value=\"ca\">Catalan<\/option><option value=\"ceb\">Cebuano<\/option><option value=\"ny\">Chichewa<\/option><option value=\"zh-CN\">Chinese (Simplified)<\/option><option value=\"zh-TW\">Chinese (Traditional)<\/option><option value=\"hr\">Croatian<\/option><option value=\"cs\">Czech<\/option><option value=\"da\">Danish<\/option><option value=\"nl\">Dutch<\/option><option value=\"en\">English<\/option><option value=\"eo\">Esperanto<\/option><option value=\"et\">Estonian<\/option><option value=\"tl\">Filipino<\/option><option value=\"fi\">Finnish<\/option><option value=\"fr\">French<\/option><option value=\"gl\">Galician<\/option><option value=\"ka\">Georgian<\/option><option value=\"de\">German<\/option><option value=\"el\">Greek<\/option><option value=\"gu\">Gujarati<\/option><option value=\"ht\">Haitian Creole<\/option><option value=\"ha\">Hausa<\/option><option value=\"iw\">Hebrew<\/option><option value=\"hi\">Hindi<\/option><option value=\"hmn\">Hmong<\/option><option value=\"hu\">Hungarian<\/option><option value=\"is\">Icelandic<\/option><option value=\"ig\">Igbo<\/option><option value=\"id\">Indonesian<\/option><option value=\"ga\">Irish<\/option><option value=\"it\">Italian<\/option><option value=\"ja\">Japanese<\/option><option value=\"jw\">Javanese<\/option><option value=\"kn\">Kannada<\/option><option value=\"kk\">Kazakh<\/option><option value=\"km\">Khmer<\/option><option value=\"ko\">Korean<\/option><option value=\"lo\">Lao<\/option><option value=\"la\">Latin<\/option><option value=\"lv\">Latvian<\/option><option value=\"lt\">Lithuanian<\/option><option value=\"mk\">Macedonian<\/option><option value=\"mg\">Malagasy<\/option><option value=\"ms\">Malay<\/option><option value=\"ml\">Malayalam<\/option><option value=\"mt\">Maltese<\/option><option value=\"mi\">Maori<\/option><option value=\"mr\">Marathi<\/option><option value=\"mn\">Mongolian<\/option><option value=\"my\">Myanmar (Burmese)<\/option><option value=\"ne\">Nepali<\/option><option value=\"no\">Norwegian<\/option><option value=\"fa\">Persian<\/option><option value=\"pl\">Polish<\/option><option value=\"pt\">Portuguese<\/option><option value=\"pa\">Punjabi<\/option><option value=\"ro\">Romanian<\/option><option value=\"ru\">Russian<\/option><option value=\"sr\">Serbian<\/option><option value=\"st\">Sesotho<\/option><option value=\"si\">Sinhala<\/option><option value=\"sk\">Slovak<\/option><option value=\"sl\">Slovenian<\/option><option value=\"so\">Somali<\/option><option value=\"es\">Spanish<\/option><option value=\"su\">Sundanese<\/option><option value=\"sw\">Swahili<\/option><option value=\"sv\">Swedish<\/option><option value=\"tg\">Tajik<\/option><option value=\"ta\">Tamil<\/option><option value=\"te\">Telugu<\/option><option value=\"th\">Thai<\/option><option value=\"tr\">Turkish<\/option><option value=\"uk\">Ukrainian<\/option><option value=\"ur\">Urdu<\/option><option value=\"uz\">Uzbek<\/option><option value=\"vi\">Vietnamese<\/option><option value=\"cy\">Welsh<\/option><option value=\"yi\">Yiddish<\/option><option value=\"yo\">Yoruba<\/option><option value=\"zu\">Zulu<\/option><\/select><\/td>\n<td align=\"center\" width=\"5%\"><\/td>\n<td align=\"center\" width=\"6%\"><\/td>\n<td align=\"center\" width=\"6%\"><\/td>\n<td align=\"center\" width=\"6%\"><\/td>\n<td align=\"center\" width=\"6%\"><\/td>\n<td width=\"10%\"><\/td>\n<td align=\"right\" width=\"6%\"><\/td>\n<\/tr>\n<\/tbody>\n<\/table>\n<\/div>\n<\/div>\n<div id=\"SL_shadow_translation_result\" style=\"background: #ffffff url('chrome:\/\/imtranslator\/content\/img\/util\/bg.png') repeat scroll 0% 0%; visibility: visible; min-height: 40px;\"><\/div>\n<div id=\"SL_loading\" style=\"background: transparent url('chrome:\/\/imtranslator\/content\/img\/util\/indicator.gif') repeat scroll 0% 0%; display: block; position: absolute; width: 35px; margin-left: 180px; margin-top: -40px; height: 35px;\"><\/div>\n<div id=\"SL_player2\" style=\"display: none; height: 0px; width: 0px;\"><\/div>\n<div id=\"SL_alert100\" style=\"background: transparent url('chrome:\/\/imtranslator\/content\/img\/util\/bg2.png') repeat scroll 0% 0%; display: none;\">Text-to-speech function is limited to 100 characters<\/div>\n<div id=\"SL_bbl_donate\" style=\"background: transparent url('chrome:\/\/imtranslator\/content\/img\/util\/donate2.png') repeat scroll 0% 0%;\" title=\"Make a small conribution\"><\/div>\n<div id=\"SL_Balloon_options\" style=\"background: #ffffff url('chrome:\/\/imtranslator\/content\/img\/util\/bg3.png') repeat scroll 0% 0%;\"><a id=\"OPlnk\" title=\"Show options\" href=\"#\">Options<\/a> : <a id=\"HISTlnk\" title=\"Translation History\" href=\"#\">History<\/a> : <a id=\"HELPlnk\" title=\"Help\" href=\"http:\/\/about.imtranslator.net\/tutorials\/presentations\/imtranslator-translator-for-firefox\/popup-bubble-application\/\" target=\"_blank\" rel=\"noopener noreferrer\">Help<\/a> : <a id=\"FBlnk\" title=\"Feedback\" href=\"#\">Feedback<\/a><a id=\"SL_Balloon_Close\" title=\"Close\" href=\"#\">Close<\/a><\/div>\n<\/div>\n<\/div>\n","protected":false},"excerpt":{"rendered":"<p>**** Le plein d\u2019ocytocines :\u00a0Chanter Rend Heureux ! **** De nombreuses \u00e9tudes scientifiques d\u00e9montrent que chanter lib\u00e8re de l\u2019endorphine et de l\u2019ocytocine, cela permet de se soulager du stress et de l\u2019anxi\u00e9t\u00e9 et am\u00e8ne aux sentiments de confiance et de &hellip; <a href=\"http:\/\/asso-ocytocines.com\/fr\/association-ocytocines-lodeve\/\">Lire la suite\u00ad\u00ad<\/a><\/p>\n","protected":false},"author":1,"featured_media":0,"parent":0,"menu_order":0,"comment_status":"closed","ping_status":"closed","template":"","meta":{"kt_blocks_editor_width":"","footnotes":""},"class_list":["post-2","page","type-page","status-publish","hentry"],"_links":{"self":[{"href":"http:\/\/asso-ocytocines.com\/fr\/wp-json\/wp\/v2\/pages\/2","targetHints":{"allow":["GET"]}}],"collection":[{"href":"http:\/\/asso-ocytocines.com\/fr\/wp-json\/wp\/v2\/pages"}],"about":[{"href":"http:\/\/asso-ocytocines.com\/fr\/wp-json\/wp\/v2\/types\/page"}],"author":[{"embeddable":true,"href":"http:\/\/asso-ocytocines.com\/fr\/wp-json\/wp\/v2\/users\/1"}],"replies":[{"embeddable":true,"href":"http:\/\/asso-ocytocines.com\/fr\/wp-json\/wp\/v2\/comments?post=2"}],"version-history":[{"count":38,"href":"http:\/\/asso-ocytocines.com\/fr\/wp-json\/wp\/v2\/pages\/2\/revisions"}],"predecessor-version":[{"id":3134,"href":"http:\/\/asso-ocytocines.com\/fr\/wp-json\/wp\/v2\/pages\/2\/revisions\/3134"}],"wp:attachment":[{"href":"http:\/\/asso-ocytocines.com\/fr\/wp-json\/wp\/v2\/media?parent=2"}],"curies":[{"name":"wp","href":"https:\/\/api.w.org\/{rel}","templated":true}]}}