{"id":498,"date":"2016-07-11T14:04:26","date_gmt":"2016-07-11T12:04:26","guid":{"rendered":"http:\/\/asso-ocytocines.com\/fr\/?page_id=498"},"modified":"2016-07-11T14:16:58","modified_gmt":"2016-07-11T12:16:58","slug":"ateliers-voix","status":"publish","type":"page","link":"http:\/\/asso-ocytocines.com\/fr\/ateliers-voix\/","title":{"rendered":"\u2764 ATELIERS"},"content":{"rendered":"<section id=\"primary\" class=\"content-area\">\n<header class=\"page-header\">\n<div class=\"taxonomy-description\">\n<p><span style=\"font-size: 12pt;\"><em>Les ateliers sont anim\u00e9s par Laetitia Dhainault et\/ou C\u00e9line rouvi\u00e8re pour une co-animation joyeuse et enrichissante.<\/em><\/span><br \/>\n<span style=\"font-size: 12pt;\"> <em> Ils d\u00e9buterons la semaine du 12 septembre 2016.<\/em><\/span><br \/>\n<span style=\"font-size: 12pt;\"> <em> Ces ateliers sont des occasions d\u2019exp\u00e9rimentation, de d\u00e9couverte et de partage, les \u00e9motions y sont accueillies mais il n\u2019y a pas de but th\u00e9rapeutique.<\/em><\/span><\/p>\n<\/div>\n<\/header>\n<article id=\"post-486\" class=\"post-486 post type-post status-publish format-standard hentry category-ateliers-ocytocines-lodeve\">\n<header class=\"entry-header\">\n<h1 class=\"entry-title\"><span style=\"font-size: 18pt;\"><span style=\"color: #ef037f;\">ATELIER CONNEXION<\/span><\/span><\/h1>\n<\/header>\n<div class=\"entry-content\">\n<p><a href=\"http:\/\/asso-ocytocines.com\/fr\/wp-content\/uploads\/2015\/08\/ocytocines-bouge.jpg\"><img loading=\"lazy\" decoding=\"async\" class=\"alignleft wp-image-169 size-medium\" src=\"http:\/\/asso-ocytocines.com\/fr\/wp-content\/uploads\/2015\/08\/ocytocines-bouge-237x300.jpg\" alt=\"ocytocines-bouge\" width=\"237\" height=\"300\" srcset=\"http:\/\/asso-ocytocines.com\/fr\/wp-content\/uploads\/2015\/08\/ocytocines-bouge-237x300.jpg 237w, http:\/\/asso-ocytocines.com\/fr\/wp-content\/uploads\/2015\/08\/ocytocines-bouge.jpg 562w\" sizes=\"auto, (max-width: 237px) 100vw, 237px\" \/><\/a><span style=\"font-size: 14pt;\">L\u2019atelier connexion est <span style=\"color: #ef037f;\"><strong>un espace ludique et mixte<\/strong><\/span> pour nous <strong><span style=\"color: #ef037f;\">connecter les uns aux autres<\/span><\/strong> au travers des <span style=\"color: #ef037f;\"><strong>ateliers vari\u00e9s<\/strong><\/span> ( danse, massage, jeux de connexion, chants, et autres curiosit\u00e9s..). Un espace pour <span style=\"color: #ef037f;\"><strong>jouer<\/strong><\/span>, <span style=\"color: #ef037f;\"><strong>s\u2019\u00e9tonner<\/strong><\/span>, se d\u00e9couvrir, d\u00e9couvrir l\u2019autre, trouver la bonne distance, exp\u00e9rimenter, <span style=\"color: #ef037f;\"><strong>partager<\/strong><\/span>\u2026<\/span><br \/>\n<span style=\"font-size: 14pt;\">Co-anim\u00e9 par Laetitia Dhainault et C\u00e9line Rouvi\u00e8re<\/span><\/p>\n<p style=\"text-align: right;\"><span style=\"font-size: 14pt;\"><strong>JEUDI 20h-22h<\/strong> (1 semaine sur 2) : 6\/8\u20ac l\u2019atelier (60 \u20ac trimestre \/ 150 \u20ac ann\u00e9e)<\/span><br \/>\n<span style=\"font-size: 14pt;\"> Au CLAP \u2013 9 av DENFERT \u00e0 Lod\u00e8ve<\/span><br \/>\n<span style=\"font-size: 14pt;\"> TOUT PUBLIC<\/span><br \/>\n<span style=\"font-size: 14pt;\"> \u25ba\u25ba Merci de vous inscrire au 06 12 24 95 19<\/span><\/p>\n<\/div>\n<\/article>\n<article id=\"post-479\" class=\"post-479 post type-post status-publish format-standard hentry category-ateliers-ocytocines-lodeve\">\n<header class=\"entry-header\">\n<h1 class=\"entry-title\"><\/h1>\n<h1 class=\"entry-title\"><a href=\"http:\/\/asso-ocytocines.com\/fr\/atelier-groupe-femme\/\" rel=\"bookmark\">Atelier Groupe Femme<\/a><\/h1>\n<\/header>\n<div class=\"entry-meta\"><\/div>\n<div class=\"entry-content\">\n<p><a href=\"http:\/\/asso-ocytocines.com\/fr\/wp-content\/uploads\/2015\/08\/ocytocines-massage.jpg\"><img loading=\"lazy\" decoding=\"async\" class=\" size-medium wp-image-170 alignleft\" src=\"http:\/\/asso-ocytocines.com\/fr\/wp-content\/uploads\/2015\/08\/ocytocines-massage-237x300.jpg\" alt=\"ocytocines-massage\" width=\"237\" height=\"300\" srcset=\"http:\/\/asso-ocytocines.com\/fr\/wp-content\/uploads\/2015\/08\/ocytocines-massage-237x300.jpg 237w, http:\/\/asso-ocytocines.com\/fr\/wp-content\/uploads\/2015\/08\/ocytocines-massage.jpg 562w\" sizes=\"auto, (max-width: 237px) 100vw, 237px\" \/><\/a><strong>L\u2019atelier Groupe Femme<\/strong> est un espace d\u00e9di\u00e9 \u00e0 la rencontre de sa <strong>puissance f\u00e9minine<\/strong>, d\u00e9velopper sa <strong>cr\u00e9ativit\u00e9<\/strong>, sa <strong>confiance en soi<\/strong>, sa <strong>sensualit\u00e9<\/strong>, connaitre son <strong>corps<\/strong>, r\u00e9concilier les polarit\u00e9s (<strong>masculin\/f\u00e9minin<\/strong>), nourrir la \u00ab\u00a0<strong>sororit\u00e9\u00a0\u00bb<\/strong>\u2026 un espace de partage, de connexion et d\u2019exp\u00e9rimentation de la f\u00e9minit\u00e9 au travers des <strong>exercices pratiques <\/strong>(exercices inspir\u00e9s du livre de Dr Shakti Mari Malan ponctu\u00e9s d\u2019expression corporelle (chant, danse) et artistique, m\u00e9ditations\u2026 )<\/p>\n<p>Co-anim\u00e9 par Laetitia Dhainault et C\u00e9line Rouvi\u00e8re<\/p>\n<p><strong>LUNDI 18h00-21h<\/strong> (1 semaine sur 2) : 60 \u20ac trimestre \/ 150 \u20ac ann\u00e9e<\/p>\n<p>Au CLAP \u2013 9 av DENFERT \u00e0 Lod\u00e8ve<br \/>\nTOUT PUBLIC<\/p>\n<p>\u25ba\u25ba Merci de vous inscrire au <strong>06 12 24 95 19<\/strong><\/p>\n<\/div>\n<\/article>\n<article id=\"post-87\" class=\"post-87 post type-post status-publish format-standard hentry category-ateliers-ocytocines-lodeve\">\n<header class=\"entry-header\">\n<h1 class=\"entry-title\"><span style=\"font-size: 18pt;\">ATELIERS VOIX<\/span><\/h1>\n<\/header>\n<div class=\"entry-content\">\n<h3>EXPLORATION VOCALE &amp; IMPROVISATION : Atelier de groupe<\/h3>\n<p><strong><a href=\"http:\/\/asso-ocytocines.com\/fr\/wp-content\/uploads\/2015\/08\/ocytocines-voix2.jpg\"><img loading=\"lazy\" decoding=\"async\" class=\"alignleft wp-image-172\" src=\"http:\/\/asso-ocytocines.com\/fr\/wp-content\/uploads\/2015\/08\/ocytocines-voix2-237x300.jpg\" alt=\"ocytocines-voix2\" width=\"200\" height=\"253\" srcset=\"http:\/\/asso-ocytocines.com\/fr\/wp-content\/uploads\/2015\/08\/ocytocines-voix2-237x300.jpg 237w, http:\/\/asso-ocytocines.com\/fr\/wp-content\/uploads\/2015\/08\/ocytocines-voix2.jpg 562w\" sizes=\"auto, (max-width: 200px) 100vw, 200px\" \/><\/a>Explorer son \u00ab corps-instrument \u00bb<\/strong>, se laisser vibrer, inspirer, chanter dans une recherche d\u2019authenticit\u00e9 : <strong>d\u00e9couvrir SA voix. Voix chant\u00e9e, Voix parl\u00e9e. <\/strong>Exploration des vibrations, respiration, placement dans le corps, timbre\u2026<br \/>\n<strong>Improvisation<\/strong>, des outils pour exp\u00e9rimenter en douceur\u00a0 : voyages sonores m\u00e9lodiques, rythmiques, chants de l\u2019instant pr\u00e9sent en groupe, \u00e0 deux, seul\u2026<br \/>\n<strong>Chants <\/strong>: canon, chants polyphoniques simples, harmonisation \u00e0 l\u2019\u00e9coute\u2026<\/p>\n<p>Anim\u00e9 par Laetitia Dhainault<\/p>\n<p><strong>JEUDI 20h-22h<\/strong> (<strong>groupe<\/strong> : 10 personnes maxi -1 semaine sur 2) : 60 \u20ac trimestre \/ 150 \u20ac ann\u00e9e<br \/>\n<strong>MERCREDI 11h-12h30<\/strong> (<strong>cours semi particulier<\/strong> : 4 personnes maxi : 75 \u20ac trimestre \/ 200 \u20ac ann\u00e9e \u2013 2 groupes altern\u00e9s 1 semaine sur 2 )<br \/>\nAu CLAP \u2013 9 av DENFERT \u00e0 Lod\u00e8ve<br \/>\nTOUT PUBLIC \u2013 cours d\u2019essai gratuit !<\/p>\n<p>\u25ba\u25ba Merci de vous inscrire au <strong>06 12 24 95 19<br \/>\n<\/strong><\/p>\n<\/div>\n<\/article>\n<article id=\"post-1\" class=\"post-1 post type-post status-publish format-standard hentry category-ateliers-ocytocines-lodeve\">\n<header class=\"entry-header\">\n<h1 class=\"entry-title\">Atelier CHANSON<\/h1>\n<\/header>\n<div class=\"entry-content\">\n<p>DES MOTS \u00c0 L\u2019\u00c9MOTION : \u00e9crire, composer et interpr\u00e9ter !<\/p>\n<p><strong><a href=\"http:\/\/asso-ocytocines.com\/fr\/wp-content\/uploads\/2015\/08\/ocytocines-voix.jpg\"><img loading=\"lazy\" decoding=\"async\" class=\"alignleft wp-image-171\" src=\"http:\/\/asso-ocytocines.com\/fr\/wp-content\/uploads\/2015\/08\/ocytocines-voix-237x300.jpg\" alt=\"\" width=\"200\" height=\"253\" srcset=\"http:\/\/asso-ocytocines.com\/fr\/wp-content\/uploads\/2015\/08\/ocytocines-voix-237x300.jpg 237w, http:\/\/asso-ocytocines.com\/fr\/wp-content\/uploads\/2015\/08\/ocytocines-voix.jpg 562w\" sizes=\"auto, (max-width: 200px) 100vw, 200px\" \/><\/a>Envie \u00ab\u00a0d\u2019\u00e9crire \u00e0 l\u2019oral\u00a0\u00bb, de dire sur musique ou de chanter ses textes accompagn\u00e9 \u00e0 la guitare\u2026 <\/strong><br \/>\nCet atelier vous propose d\u2019explorer le chemin de l\u2019\u00e9criture du texte \u00e0 la parole parl\u00e9e, ou chant\u00e9e, en passant par la cr\u00e9ation de m\u00e9lodie intuitive et jusqu\u2019\u00e0 l\u2019interpr\u00e9tation accompagn\u00e9 \u00e0 la guitare (micro et ampli ). Solo, duo, trio\u2026<\/p>\n<p>Atelier anim\u00e9 par Laetitia Dhainault, arrangement et accompagnement par Fr\u00e9deric Michaud \u00e0 la guitare (3e trimestre)<\/p>\n<p><strong>MERCREDI (tous les 15 jours) :\u00a0 20h -22h<\/strong><br \/>\nau CLAP \u2013 9 av Denfert Lod\u00e8ve \/ Espace Micellium \u2013 asso \u00c9tincelle Montarnaud<br \/>\nTOUT PUBLIC<br \/>\n(<strong>cours semi particulier<\/strong> \u2013 6 personnes maxi : 230\u20ac\/150 \u20ac ann\u00e9e \u2013 2 groupes altern\u00e9s 1 semaine sur 2 )<\/p>\n<p>\u25ba\u25ba Merci de vous inscrire au <strong>06 12 24 95 19<\/strong><\/p>\n<\/div>\n<\/article>\n<\/section>\n","protected":false},"excerpt":{"rendered":"<p>Les ateliers sont anim\u00e9s par Laetitia Dhainault et\/ou C\u00e9line rouvi\u00e8re pour une co-animation joyeuse et enrichissante. Ils d\u00e9buterons la semaine du 12 septembre 2016. Ces ateliers sont des occasions d\u2019exp\u00e9rimentation, de d\u00e9couverte et de partage, les \u00e9motions y sont accueillies &hellip; <a href=\"http:\/\/asso-ocytocines.com\/fr\/ateliers-voix\/\">Lire la suite\u00ad\u00ad<\/a><\/p>\n","protected":false},"author":1,"featured_media":0,"parent":0,"menu_order":0,"comment_status":"closed","ping_status":"open","template":"","meta":{"kt_blocks_editor_width":"","footnotes":""},"class_list":["post-498","page","type-page","status-publish","hentry"],"_links":{"self":[{"href":"http:\/\/asso-ocytocines.com\/fr\/wp-json\/wp\/v2\/pages\/498","targetHints":{"allow":["GET"]}}],"collection":[{"href":"http:\/\/asso-ocytocines.com\/fr\/wp-json\/wp\/v2\/pages"}],"about":[{"href":"http:\/\/asso-ocytocines.com\/fr\/wp-json\/wp\/v2\/types\/page"}],"author":[{"embeddable":true,"href":"http:\/\/asso-ocytocines.com\/fr\/wp-json\/wp\/v2\/users\/1"}],"replies":[{"embeddable":true,"href":"http:\/\/asso-ocytocines.com\/fr\/wp-json\/wp\/v2\/comments?post=498"}],"version-history":[{"count":21,"href":"http:\/\/asso-ocytocines.com\/fr\/wp-json\/wp\/v2\/pages\/498\/revisions"}],"predecessor-version":[{"id":519,"href":"http:\/\/asso-ocytocines.com\/fr\/wp-json\/wp\/v2\/pages\/498\/revisions\/519"}],"wp:attachment":[{"href":"http:\/\/asso-ocytocines.com\/fr\/wp-json\/wp\/v2\/media?parent=498"}],"curies":[{"name":"wp","href":"https:\/\/api.w.org\/{rel}","templated":true}]}}