{"id":1227,"date":"2022-11-15T12:19:34","date_gmt":"2022-11-15T11:19:34","guid":{"rendered":"http:\/\/asso-ocytocines.com\/fr\/?page_id=1227"},"modified":"2022-11-15T16:55:32","modified_gmt":"2022-11-15T15:55:32","slug":"3-stages-voix-chant-a-montpellier-les-0302-0104-0605","status":"publish","type":"page","link":"https:\/\/asso-ocytocines.com\/fr\/3-stages-voix-chant-a-montpellier-les-0302-0104-0605\/","title":{"rendered":"3 Stages Voix &#038; Chant \u00e0 Montpellier les  03\/02 &#8211; 01\/04 &#8211; 06\/05"},"content":{"rendered":"<p><span style=\"font-size: 18pt;\"><span style=\"color: #ff00ff;\">3 Stages VOIX &amp; CHANT \u00e0 MONTPELLIER<\/span><\/span>\u00a0 <strong>(La Gerbe , Quartier Figueroles)<\/strong><br \/>\n<strong>Samedi 02 F\u00e9vrier puis les dimanches 1er avril et 6 mai de 14h \u00e0 17h<\/strong><br \/>\n<strong>Anim\u00e9s par Laetitia Dhainault avec l&rsquo;association Ocytocines<\/strong><\/p>\n<p><span style=\"color: #ff00ff;\">* Vous souhaitez enrichir votre voix<\/span><br \/>\n<span style=\"color: #ff00ff;\">* Vous voulez d\u00e9couvrir votre cr\u00e9ativit\u00e9 vocale et acqu\u00e9rir des outils d\u2019improvisation<\/span><br \/>\n<span style=\"color: #ff00ff;\">* Vous d\u00e9butez totalement et vous avez envie de d\u00e9couvrir votre voix<\/span><br \/>\n<span style=\"color: #ff00ff;\">* Vous pensez chanter faux ou vous n\u2019aimez pas votre voix parl\u00e9e ou chant\u00e9e<\/span><\/p>\n<p>Ces stages vous proposent d\u2019explorer votre Corps Instrument !<\/p>\n<p><span style=\"color: #ff00ff; font-size: 14pt;\"><strong>TECHNIQUE VOCALE Corporelle &amp; Sensitive<\/strong><\/span><br \/>\n<span style=\"font-size: 12pt;\"><strong>Voix Parl\u00e9e \/ Voix Chant\u00e9e<\/strong><\/span><br \/>\n<strong>Lib\u00e9rer les blocages,\u00a0 pr\u00e9ciser son geste vocal, enrichir sa cr\u00e9ativit\u00e9\u2026<\/strong><br \/>\nCette approche, \u00e0 la fois ludique et profonde, permet d\u2019\u00e9clore sa Voix, dans une d\u00e9marche d\u2019authenticit\u00e9 :<br \/>\nVibrations, respiration, timbre, justesse, \u00e9coute, puissance, oralit\u00e9, interpr\u00e9tation, pr\u00e9sence, impro &amp; chants vari\u00e9s en groupe ou en solo\u2026<\/p>\n<p><span style=\"color: #ff00ff;\"><strong>Trouver sa Voix dans le Plaisir !<\/strong><\/span><\/p>\n<p><strong>Exploration-d\u00e9couverte de SA VOIX au travers des exercices pratiques et corporels.<\/strong><\/p>\n<p>Nous irons exp\u00e9rimenter en douceur l\u2019improvisation \u00e0 l\u2019aide d\u2019outils simples :<br \/>\nvoyages sonores m\u00e9lodiques, rythmiques, chants de l\u2019instant\u2026<br \/>\nEt nous nous amuserons au travers des chants de groupe : canons, chants polyphoniques simples\u2026<\/p>\n<p><strong>Public : Adulte \/ados<\/strong><br \/>\n<strong>Niveau :aucun niveau requis<\/strong><br \/>\n<strong>Tarif 35\u20ac le stage de 3h \u2013\u00a0 90\u20ac la carte de 3 stages<\/strong><br \/>\n<strong>Lieu : Asso LA GERBE 19 rue chaptal &#8211; 34000 Montpellier<\/strong><\/p>\n<p>Info, inscription : Laetitia Dhainault : 06 12 24 95 19<br \/>\n\u200bPlus d&rsquo; infos sur www.asso-ocytocines.com et http:\/\/www.lagerbe.com<br \/>\n\u200b<\/p>\n","protected":false},"excerpt":{"rendered":"<p>3 Stages VOIX &amp; CHANT \u00e0 MONTPELLIER\u00a0 (La Gerbe , Quartier Figueroles) Samedi 02 F\u00e9vrier puis les dimanches 1er avril et 6 mai de 14h \u00e0 17h Anim\u00e9s par Laetitia Dhainault avec l&rsquo;association Ocytocines * Vous souhaitez enrichir votre voix &hellip; <a href=\"https:\/\/asso-ocytocines.com\/fr\/3-stages-voix-chant-a-montpellier-les-0302-0104-0605\/\">Lire la suite\u00ad\u00ad<\/a><\/p>\n","protected":false},"author":1,"featured_media":0,"parent":0,"menu_order":0,"comment_status":"closed","ping_status":"closed","template":"","meta":{"kt_blocks_editor_width":"","footnotes":""},"class_list":["post-1227","page","type-page","status-publish","hentry"],"_links":{"self":[{"href":"https:\/\/asso-ocytocines.com\/fr\/wp-json\/wp\/v2\/pages\/1227","targetHints":{"allow":["GET"]}}],"collection":[{"href":"https:\/\/asso-ocytocines.com\/fr\/wp-json\/wp\/v2\/pages"}],"about":[{"href":"https:\/\/asso-ocytocines.com\/fr\/wp-json\/wp\/v2\/types\/page"}],"author":[{"embeddable":true,"href":"https:\/\/asso-ocytocines.com\/fr\/wp-json\/wp\/v2\/users\/1"}],"replies":[{"embeddable":true,"href":"https:\/\/asso-ocytocines.com\/fr\/wp-json\/wp\/v2\/comments?post=1227"}],"version-history":[{"count":1,"href":"https:\/\/asso-ocytocines.com\/fr\/wp-json\/wp\/v2\/pages\/1227\/revisions"}],"predecessor-version":[{"id":1228,"href":"https:\/\/asso-ocytocines.com\/fr\/wp-json\/wp\/v2\/pages\/1227\/revisions\/1228"}],"wp:attachment":[{"href":"https:\/\/asso-ocytocines.com\/fr\/wp-json\/wp\/v2\/media?parent=1227"}],"curies":[{"name":"wp","href":"https:\/\/api.w.org\/{rel}","templated":true}]}}