{"id":1624,"date":"2019-01-10T22:46:06","date_gmt":"2019-01-10T21:46:06","guid":{"rendered":"http:\/\/asso-ocytocines.com\/fr\/?page_id=1624"},"modified":"2019-03-03T12:11:53","modified_gmt":"2019-03-03T11:11:53","slug":"stage-voix-et-rythme-chant-polyrythmique-africain","status":"publish","type":"page","link":"https:\/\/asso-ocytocines.com\/fr\/stage-voix-et-rythme-chant-polyrythmique-africain\/","title":{"rendered":"Stage Voix et Rythme : Chant Polyrythmique Africain"},"content":{"rendered":"<p><span style=\"color: #ff00ff;\"><strong><span style=\"font-size: 18pt;\">Stage invit\u00e9 Voix et Rythme : Chant Polyrythmique Africain<\/span><\/strong><\/span><\/p>\n<p><span style=\"font-size: 14pt; color: #800080;\">Ocytocines vous pr\u00e9sente un stage de Voix et Ryhme anim\u00e9 par Delphine Cam ( Terra Po\u00e9tica, Aven Da\u00ef)<\/span><\/p>\n<p>Suite au succ\u00e8s du premier stage, et \u00e0 la demande des participant, nous vous invitons \u00e0 un second stage de Delphine !<\/p>\n<p><span style=\"font-size: 14pt; color: #800080;\">Dimanche 5 mai\u00a0 de 10h \u00e0 12h30 et 14h \u00e0 16h30 au CLAP \u00e0 Lod\u00e8ve (accueil \u00e0 partie de 09h45)<\/span><\/p>\n<p>Un stage pour explorer et vivre la voix ensemble dans la bienveillance :<\/p>\n<p><span style=\"color: #800080;\"><strong><span style=\"font-size: 14pt;\">\u2022 Mise en corps et en voix<\/span><\/strong><\/span> :<br \/>\nRencontre entre souffle, son et mouvement<br \/>\nExploration de la voix induite par la dynamique du corps Vocalisation intuitive.<br \/>\n<span style=\"color: #800080;\"><strong><span style=\"font-size: 14pt;\">\u2022 Chant en groupe:<\/span><\/strong><\/span><br \/>\nJeux de voix et cercles rythmiques : Rencontrer rythme, polyphonie et improvisation de fa\u00e7on ludique et guid\u00e9e.<br \/>\n<span style=\"color: #800080;\"><strong><span style=\"font-size: 14pt;\">\u2022 Transmission de chants poly-rythmiques africains harmonis\u00e9s<\/span> <\/strong><\/span>(transmis par Anita Daulne, Zap mama) de chants du monde et de compos en poly-rythmies.<\/p>\n<p><em>\u00ab\u00a0Sur mon parcours, j&rsquo;ai rencontr\u00e9 le chant en chorale, puis la percussion africaine et le chant polyrythmique africain. Ainsi j&rsquo;ai d\u00e9couvert que la voix est non seulement un instrument m\u00e9lodique mais aussi rythmique! (stages avec Anita Daulne, Zap Mama).<\/em><br \/>\n<em>Gr\u00e2ce \u00e0 la danse et \u00e0 une n\u00e9cessit\u00e9 d&rsquo;\u00eatre plus \u00e0 l&rsquo;\u00e9coute de mon corps, je suis conduite \u00e0 sentir et rechercher la relation essentielle entre la voix, le souffle et le corps.<\/em><br \/>\n<em>J&rsquo;oriente ainsi ma p\u00e9dagogie vers cette rencontre intime de l&rsquo;\u00eatre avec la voix profonde et<\/em><br \/>\n<em>d\u00e9nu\u00e9e de forme, avant d&rsquo;entrer dans une pratique du chant rythmique, polyphonique et de<\/em><br \/>\n<em>l&rsquo;improvisation.\u00a0\u00bb Delphine Cam<\/em><\/p>\n<p><span style=\"font-size: 14pt;\">Public : Tous public \u00e0 partir de 16 ans<\/span><br \/>\n<span style=\"font-size: 14pt;\">Tarif : 40\u20ac\/participant, 35\u20ac si inscription avant le 20 avril.<\/span><br \/>\n<strong><span style=\"font-size: 14pt;\">Infos et inscription : Delphine Cam 06 59 27 06 17 &#8211; <a href=\"mailto:deicam@yahoo.fr\">deicam@yahoo.fr<\/a><\/span><\/strong><\/p>\n<p><a href=\"http:\/\/asso-ocytocines.com\/fr\/wp-content\/uploads\/2019\/01\/18-03-22-chant-delphine-vierge-e.jpg\"><img loading=\"lazy\" decoding=\"async\" class=\"alignnone size-medium wp-image-1625\" src=\"http:\/\/asso-ocytocines.com\/fr\/wp-content\/uploads\/2019\/01\/18-03-22-chant-delphine-vierge-e-212x300.jpg\" alt=\"\" width=\"212\" height=\"300\" srcset=\"https:\/\/asso-ocytocines.com\/fr\/wp-content\/uploads\/2019\/01\/18-03-22-chant-delphine-vierge-e-212x300.jpg 212w, https:\/\/asso-ocytocines.com\/fr\/wp-content\/uploads\/2019\/01\/18-03-22-chant-delphine-vierge-e-768x1086.jpg 768w, https:\/\/asso-ocytocines.com\/fr\/wp-content\/uploads\/2019\/01\/18-03-22-chant-delphine-vierge-e-724x1024.jpg 724w, https:\/\/asso-ocytocines.com\/fr\/wp-content\/uploads\/2019\/01\/18-03-22-chant-delphine-vierge-e.jpg 1754w\" sizes=\"auto, (max-width: 212px) 100vw, 212px\" \/><\/a><\/p>\n<p>Plus d&rsquo;infos : <a href=\"http:\/\/asso-ocytocines.com\/fr\/wp-content\/uploads\/2019\/01\/Stage-Polyrythmique-Africain-CLAP-2019.pdf\">Stage Polyrythmique Africain CLAP 2019<\/a><\/p>\n","protected":false},"excerpt":{"rendered":"<p>Stage invit\u00e9 Voix et Rythme : Chant Polyrythmique Africain Ocytocines vous pr\u00e9sente un stage de Voix et Ryhme anim\u00e9 par Delphine Cam ( Terra Po\u00e9tica, Aven Da\u00ef) Suite au succ\u00e8s du premier stage, et \u00e0 la demande des participant, nous &hellip; <a href=\"https:\/\/asso-ocytocines.com\/fr\/stage-voix-et-rythme-chant-polyrythmique-africain\/\">Lire la suite\u00ad\u00ad<\/a><\/p>\n","protected":false},"author":1,"featured_media":0,"parent":0,"menu_order":0,"comment_status":"closed","ping_status":"closed","template":"","meta":{"kt_blocks_editor_width":"","footnotes":""},"class_list":["post-1624","page","type-page","status-publish","hentry"],"_links":{"self":[{"href":"https:\/\/asso-ocytocines.com\/fr\/wp-json\/wp\/v2\/pages\/1624","targetHints":{"allow":["GET"]}}],"collection":[{"href":"https:\/\/asso-ocytocines.com\/fr\/wp-json\/wp\/v2\/pages"}],"about":[{"href":"https:\/\/asso-ocytocines.com\/fr\/wp-json\/wp\/v2\/types\/page"}],"author":[{"embeddable":true,"href":"https:\/\/asso-ocytocines.com\/fr\/wp-json\/wp\/v2\/users\/1"}],"replies":[{"embeddable":true,"href":"https:\/\/asso-ocytocines.com\/fr\/wp-json\/wp\/v2\/comments?post=1624"}],"version-history":[{"count":5,"href":"https:\/\/asso-ocytocines.com\/fr\/wp-json\/wp\/v2\/pages\/1624\/revisions"}],"predecessor-version":[{"id":1655,"href":"https:\/\/asso-ocytocines.com\/fr\/wp-json\/wp\/v2\/pages\/1624\/revisions\/1655"}],"wp:attachment":[{"href":"https:\/\/asso-ocytocines.com\/fr\/wp-json\/wp\/v2\/media?parent=1624"}],"curies":[{"name":"wp","href":"https:\/\/api.w.org\/{rel}","templated":true}]}}