{"id":3094,"date":"2024-05-05T21:06:40","date_gmt":"2024-05-05T19:06:40","guid":{"rendered":"http:\/\/asso-ocytocines.com\/fr\/?page_id=3094"},"modified":"2025-06-24T18:41:29","modified_gmt":"2025-06-24T16:41:29","slug":"chant-formation-pro","status":"publish","type":"page","link":"https:\/\/asso-ocytocines.com\/fr\/chant-formation-pro\/","title":{"rendered":"Formation Pro VOIX &amp; CHANT"},"content":{"rendered":"<div class=\"members-access-error\">D\u00e9sol\u00e9, vous n&#039;\u00eates pas autoris\u00e9 \u00e0 voir ce contenu.<\/div>\n","protected":false},"excerpt":{"rendered":"<div class=\"members-access-error\">D\u00e9sol\u00e9, vous n&#039;\u00eates pas autoris\u00e9 \u00e0 voir ce contenu.<\/div>\n","protected":false},"author":1,"featured_media":0,"parent":0,"menu_order":0,"comment_status":"closed","ping_status":"closed","template":"","meta":{"kt_blocks_editor_width":"","footnotes":""},"class_list":["post-3094","page","type-page","status-publish","hentry"],"_links":{"self":[{"href":"https:\/\/asso-ocytocines.com\/fr\/wp-json\/wp\/v2\/pages\/3094","targetHints":{"allow":["GET"]}}],"collection":[{"href":"https:\/\/asso-ocytocines.com\/fr\/wp-json\/wp\/v2\/pages"}],"about":[{"href":"https:\/\/asso-ocytocines.com\/fr\/wp-json\/wp\/v2\/types\/page"}],"author":[{"embeddable":true,"href":"https:\/\/asso-ocytocines.com\/fr\/wp-json\/wp\/v2\/users\/1"}],"replies":[{"embeddable":true,"href":"https:\/\/asso-ocytocines.com\/fr\/wp-json\/wp\/v2\/comments?post=3094"}],"version-history":[{"count":31,"href":"https:\/\/asso-ocytocines.com\/fr\/wp-json\/wp\/v2\/pages\/3094\/revisions"}],"predecessor-version":[{"id":3543,"href":"https:\/\/asso-ocytocines.com\/fr\/wp-json\/wp\/v2\/pages\/3094\/revisions\/3543"}],"wp:attachment":[{"href":"https:\/\/asso-ocytocines.com\/fr\/wp-json\/wp\/v2\/media?parent=3094"}],"curies":[{"name":"wp","href":"https:\/\/api.w.org\/{rel}","templated":true}]}}